{"id":10030,"date":"2023-04-01T15:36:06","date_gmt":"2023-04-01T12:36:06","guid":{"rendered":"https:\/\/hotelyasmaksultan.com\/room-service-menu\/"},"modified":"2023-04-05T13:36:46","modified_gmt":"2023-04-05T10:36:46","slug":"oda-servisi-menusu","status":"publish","type":"page","link":"https:\/\/hotelyasmaksultan.com\/tr\/oda-servisi-menusu\/","title":{"rendered":"Oda Servisi Men\u00fcs\u00fc"},"content":{"rendered":"<div class=\"wpb-content-wrapper\"><p>[vc_row gap=&#8221;10&#8243;][vc_column css=&#8221;.vc_custom_1680351181383{margin: 0px !important;border: 1px solid #f5f5f5 !important;border-radius: 2px !important;}&#8221;][mvc_infobox info_style=&#8221;mega_info_box_2&#8243; title_color=&#8221;#000000&#8243; image_id=&#8221;9857&#8243; image_size=&#8221;416&#8243; css=&#8221;.vc_custom_1680689870707{margin-top: 0px !important;margin-right: 0px !important;margin-bottom: 0px !important;margin-left: 0px !important;border-top-width: 1px !important;border-right-width: 1px !important;border-bottom-width: 1px !important;border-left-width: 1px !important;border-left-color: #f5f5f5 !important;border-right-color: #f5f5f5 !important;border-top-color: #f5f5f5 !important;border-bottom-color: #f5f5f5 !important;}&#8221; title_size=&#8221;28&#8243;]<\/p>\n<h2>Kahvalt\u0131 Taba\u011f\u0131 ( 07:30 \/ 11:30 )<\/h2>\n<p>Taze portakal suyu, g\u00fcnl\u00fck taze unlu mam\u00fcller, bal, tereya\u011f\u0131, \u015fark\u00fcteri et, t\u00fcrk peynir \u00e7e\u015fitleri, zeyti, re\u00e7el, yumurta ve s\u0131cak i\u00e7ecek tercihleriniz ile[\/mvc_infobox][vc_separator][mvc_infobox info_style=&#8221;mega_info_box_2&#8243; title_color=&#8221;#000000&#8243; image_id=&#8221;9869&#8243; image_size=&#8221;416&#8243; title_size=&#8221;28&#8243; css=&#8221;.vc_custom_1680689895219{border-top-width: 1px !important;border-right-width: 1px !important;border-bottom-width: 1px !important;border-left-width: 1px !important;border-left-color: #f5f5f5 !important;border-right-color: #f5f5f5 !important;border-top-color: #f5f5f5 !important;border-bottom-color: #f5f5f5 !important;}&#8221;]<\/p>\n<h2>Mercimek \u00c7orbas\u0131<\/h2>\n<p>Mevsim sebzeler, mercimek , kroton ekmek ve limon ile[\/mvc_infobox][vc_separator][mvc_infobox info_style=&#8221;mega_info_box_2&#8243; title_color=&#8221;#000000&#8243; image_id=&#8221;9872&#8243; image_size=&#8221;416&#8243; css=&#8221;.vc_custom_1680690102316{border-top-width: 1px !important;border-right-width: 1px !important;border-bottom-width: 1px !important;border-left-width: 1px !important;}&#8221;]<\/p>\n<h2>Ye\u015fil Salata Se\u00e7enekleri<\/h2>\n<p>Bademli Brokoli Ye\u015fil Salata,<br \/>\nK\u0131zarm\u0131\u015f Ke\u00e7i Peynirli Ye\u015fil Salata,<br \/>\nIzgara Tavuklu Ye\u015fil Salata,<br \/>\nIzgara Bonfileli Ye\u015fil Salata,<br \/>\nIzgara Somonlu Ye\u015fil Salata,<br \/>\nIzgara Levrek Fileto Ye\u015fil Salata,<br \/>\nEge Salata,<br \/>\nTavuklu Sezar Salata[\/mvc_infobox][vc_separator][vc_text_separator title=&#8221;Hamur \u0130\u015fleri&#8221; el_class=&#8221;h2&#8243;][mvc_infobox info_style=&#8221;mega_info_box_2&#8243; title_color=&#8221;#000000&#8243; image_id=&#8221;9915&#8243; image_size=&#8221;416&#8243;]<\/p>\n<h2>Geleneksel T\u00fcrk Mant\u0131s\u0131<\/h2>\n<p>Klasik ev usul\u00fc tereya\u011fl\u0131 etli mant\u0131, domates sos, yo\u011furt ve ac\u0131l\u0131 ya\u011f ile[\/mvc_infobox][vc_separator][mvc_infobox info_style=&#8221;mega_info_box_2&#8243; title_color=&#8221;#000000&#8243; image_id=&#8221;9918&#8243; image_size=&#8221;416&#8243;]<\/p>\n<h2>\u00c7\u0131t\u0131r Feraye Mant\u0131<\/h2>\n<p>Derin ya\u011fda k\u0131zart\u0131lm\u0131\u015f \u00e7\u0131t\u0131r mant\u0131lar yo\u011furt, domates sos ve k\u0131zd\u0131r\u0131lm\u0131\u015f ac\u0131l\u0131 tereya\u011fl\u0131 sos ile[\/mvc_infobox][vc_separator][mvc_infobox info_style=&#8221;mega_info_box_2&#8243; title_color=&#8221;#000000&#8243; image_id=&#8221;9921&#8243; image_size=&#8221;416&#8243;]<\/p>\n<h2>Speghetti Bolognese<\/h2>\n<p>K\u0131ymal\u0131, domates soslu ve parmesan peynirli spagetti (Glutensiz se\u00e7ene\u011fimiz mevcuttur)[\/mvc_infobox][vc_separator][mvc_infobox info_style=&#8221;mega_info_box_2&#8243; title_color=&#8221;#000000&#8243; image_id=&#8221;9921&#8243; image_size=&#8221;416&#8243;]<\/p>\n<h2>Spaghetti Napoliten (V)<\/h2>\n<p>Fesle\u011fenli sar\u0131msakl\u0131 domates soslu ve parmesan peynirli spagetti (Glutensiz se\u00e7enek ile)[\/mvc_infobox][vc_separator][mvc_infobox info_style=&#8221;mega_info_box_2&#8243; title_color=&#8221;#000000&#8243; image_id=&#8221;9924&#8243; image_size=&#8221;416&#8243;]<\/p>\n<h2>Fettucine Alfredo<\/h2>\n<p>Fettucine makarnas\u0131, tavuk g\u00f6\u011fs\u00fc, krema, mantar ve parmesan peyniri[\/mvc_infobox][vc_separator][vc_text_separator title=&#8221;Tost ve D\u00fcr\u00fcm \u00c7e\u015fitleri&#8221; el_class=&#8221;h2&#8243;][mvc_infobox info_style=&#8221;mega_info_box_2&#8243; title_color=&#8221;#000000&#8243; image_id=&#8221;9928&#8243; image_size=&#8221;416&#8243;]<\/p>\n<h2>Ka\u015farl\u0131 yada Kar\u0131\u015f\u0131k Tost<\/h2>\n<p>Ka\u015far peyniri, kurutulmu\u015f domates, roka dana jambon[\/mvc_infobox][vc_separator][mvc_infobox info_style=&#8221;mega_info_box_2&#8243; title_color=&#8221;#000000&#8243; image_id=&#8221;9931&#8243; image_size=&#8221;416&#8243;]<\/p>\n<h2>Club Sandwich<\/h2>\n<p>3 Dilim Ekmek Aras\u0131nda Izgara Tavuk Fileleri, Dana Jambon, Ka\u015far Peyniri, Tur\u015fu Ve Domates Dilimleri. Patates Tava \u0130le[\/mvc_infobox][vc_separator][mvc_infobox info_style=&#8221;mega_info_box_2&#8243; title_color=&#8221;#000000&#8243; image_id=&#8221;9934&#8243; image_size=&#8221;416&#8243;]<\/p>\n<h2>Sebzeli D\u00fcr\u00fcm<\/h2>\n<p>Ke\u00e7i peyniri, sotelenmi\u015f renkli biberler[\/mvc_infobox][vc_separator][mvc_infobox info_style=&#8221;mega_info_box_2&#8243; title_color=&#8221;#000000&#8243; image_id=&#8221;9934&#8243; image_size=&#8221;416&#8243;]<\/p>\n<h2>Tavuk D\u00fcr\u00fcm<\/h2>\n<p>Kapya Biberler Guacamelo Sos Ve K\u0131zarm\u0131\u015f Patates \u0130le[\/mvc_infobox][vc_separator][mvc_infobox info_style=&#8221;mega_info_box_2&#8243; title_color=&#8221;#000000&#8243; image_id=&#8221;9934&#8243; image_size=&#8221;416&#8243;]<\/p>\n<h2>Dana D\u00fcr\u00fcm<\/h2>\n<p>Lava\u015f Ekme\u011fine Sar\u0131lm\u0131\u015f Dana Bonfile Dilimleri, Kapya Biberler Guacamelo Sos Ve K\u0131zarm\u0131\u015f Patates \u0130le[\/mvc_infobox][vc_separator][vc_text_separator title=&#8221;Burgerler&#8221; el_class=&#8221;h2&#8243;][mvc_infobox info_style=&#8221;mega_info_box_2&#8243; title_color=&#8221;#000000&#8243; image_id=&#8221;10003&#8243; image_size=&#8221;416&#8243;]<\/p>\n<h2>Ev Yap\u0131m\u0131 Cheeseburger &amp; Hamburger<\/h2>\n<p>180 Graml\u0131k \u00d6zel Burger K\u00f6ftesi, Kar\u0131\u015f\u0131k Ye\u015fillikler ve K\u0131zarm\u0131\u015f patates ile Servis Edilir[\/mvc_infobox][vc_separator][vc_text_separator title=&#8221;Ana Yemekler&#8221; el_class=&#8221;h2&#8243;][mvc_infobox info_style=&#8221;mega_info_box_2&#8243; title_color=&#8221;#000000&#8243; image_id=&#8221;9945&#8243; image_size=&#8221;416&#8243;]<\/p>\n<h2>Kuzu Pirzola<\/h2>\n<p>Patates p\u00fcresi, f\u0131r\u0131n sebzeler, karamelize so\u011fan ve kendi sosu ile[\/mvc_infobox][vc_separator][mvc_infobox info_style=&#8221;mega_info_box_2&#8243; title_color=&#8221;#000000&#8243; image_id=&#8221;9948&#8243; image_size=&#8221;416&#8243;]<\/p>\n<h2>Lokum Bonfile<\/h2>\n<p>Marine edilmi\u015f lokum bonfile par\u00e7alar\u0131, patates p\u00fcresi, taze baharatl\u0131 sebze ile[\/mvc_infobox][vc_separator][mvc_infobox info_style=&#8221;mega_info_box_2&#8243; title_color=&#8221;#000000&#8243; image_id=&#8221;9951&#8243; image_size=&#8221;416&#8243;]<\/p>\n<h2>Izgara K\u00f6fte<\/h2>\n<p>Soslu lava\u015f, \u0131zgara domates ve biber, f\u0131r\u0131nlanm\u0131\u015f taze patates ve pilav ile[\/mvc_infobox][vc_separator][mvc_infobox info_style=&#8221;mega_info_box_2&#8243; title_color=&#8221;#000000&#8243; image_id=&#8221;9954&#8243; image_size=&#8221;416&#8243;]<\/p>\n<h2>Izgara Levrek<\/h2>\n<p>Roka, k\u0131rm\u0131z\u0131 so\u011fan, limon ve baharatl\u0131 f\u0131r\u0131n patates ile servis edilir.[\/mvc_infobox][vc_separator][mvc_infobox info_style=&#8221;mega_info_box_2&#8243; title_color=&#8221;#000000&#8243; image_id=&#8221;9957&#8243; image_size=&#8221;416&#8243;]<\/p>\n<h2>Izgara Somon<\/h2>\n<p>Roka, k\u0131rm\u0131z\u0131 so\u011fan, limon ve baharatl\u0131 f\u0131r\u0131n patates ile servis edilir.[\/mvc_infobox][vc_separator][mvc_infobox info_style=&#8221;mega_info_box_2&#8243; title_color=&#8221;#000000&#8243; image_id=&#8221;9960&#8243; image_size=&#8221;416&#8243;]<\/p>\n<h2>Galata Usul\u00fc Izgara Pili\u00e7 Pirzola<\/h2>\n<p>F\u0131r\u0131nlanm\u0131\u015f taze baharatl\u0131 sebzeler ve pilav ile[\/mvc_infobox][vc_separator][vc_text_separator title=&#8221;Tatl\u0131lar&#8221; el_class=&#8221;h2&#8243;][mvc_infobox info_style=&#8221;mega_info_box_2&#8243; title_color=&#8221;#000000&#8243; image_id=&#8221;9964&#8243; image_size=&#8221;416&#8243;]<\/p>\n<h2>Ev Yap\u0131m\u0131 Baklava<\/h2>\n<p>Ev yap\u0131m\u0131 baklava \u00e7e\u015fitleri \u00e7ikolata-f\u0131nd\u0131k ve portakall\u0131 baklava Vanilyal\u0131 dondurma ile[\/mvc_infobox][vc_separator][mvc_infobox info_style=&#8221;mega_info_box_2&#8243; title_color=&#8221;#000000&#8243; image_id=&#8221;9967&#8243; image_size=&#8221;416&#8243;]<\/p>\n<h2>F\u0131r\u0131n S\u00fctla\u00e7<\/h2>\n<p>A\u011f\u0131r ate\u015fte pi\u015firilmi\u015f s\u00fct, pirin\u00e7, tereya\u011f\u0131 ve \u015feker[\/mvc_infobox][vc_separator][mvc_infobox info_style=&#8221;mega_info_box_2&#8243; title_color=&#8221;#000000&#8243; image_id=&#8221;9970&#8243; image_size=&#8221;416&#8243;]<\/p>\n<h2>\u00c7ikolatal\u0131 Sufle<\/h2>\n<p>Vanilyal\u0131 dondurma ile[\/mvc_infobox][vc_separator][mvc_infobox info_style=&#8221;mega_info_box_2&#8243; title_color=&#8221;#000000&#8243; image_id=&#8221;9973&#8243; image_size=&#8221;416&#8243;]<\/p>\n<h2>\u015eekersiz, Glutensiz Browni<\/h2>\n<p>Kar\u0131\u015f\u0131k mevsim meyveleri ile[\/mvc_infobox][vc_separator][mvc_infobox info_style=&#8221;mega_info_box_2&#8243; title_color=&#8221;#000000&#8243; image_id=&#8221;9976&#8243; image_size=&#8221;416&#8243;]<\/p>\n<h2>\u0130ncir Dolmas\u0131<\/h2>\n<p>\u0130ncir, ceviz, tar\u00e7\u0131n, kaymak, f\u0131st\u0131kl\u0131 krema[\/mvc_infobox][vc_separator][mvc_infobox info_style=&#8221;mega_info_box_2&#8243; title_color=&#8221;#000000&#8243; image_id=&#8221;9979&#8243; image_size=&#8221;416&#8243;]<\/p>\n<h2>Meyve Taba\u011f\u0131<\/h2>\n<p>Kar\u0131\u015f\u0131k mevsim meyveleri ile[\/mvc_infobox][vc_separator][mvc_infobox info_style=&#8221;mega_info_box_2&#8243; title_color=&#8221;#000000&#8243; image_id=&#8221;9982&#8243; image_size=&#8221;416&#8243;]<\/p>\n<h2>Dondurma<\/h2>\n<p>Vanilyal\u0131, \u00e7ikolatal\u0131, orman meyveli, naneli, portakall\u0131[\/mvc_infobox][\/vc_column][\/vc_row]<\/p>\n<\/div>","protected":false},"excerpt":{"rendered":"<p>[vc_row gap=&#8221;10&#8243;][vc_column css=&#8221;.vc_custom_1680351181383{margin: 0px !important;border: 1px solid #f5f5f5 !important;border-radius: 2px !important;}&#8221;][mvc_infobox info_style=&#8221;mega_info_box_2&#8243; title_color=&#8221;#000000&#8243; image_id=&#8221;9857&#8243; image_size=&#8221;416&#8243; css=&#8221;.vc_custom_1680689870707{margin-top: 0px !important;margin-right: 0px !important;margin-bottom: 0px !important;margin-left: 0px !important;border-top-width: 1px !important;border-right-width: 1px !important;border-bottom-width: 1px !important;border-left-width: 1px !important;border-left-color: #f5f5f5 !important;border-right-color: #f5f5f5 !important;border-top-color: #f5f5f5 !important;border-bottom-color: #f5f5f5 !important;}&#8221; title_size=&#8221;28&#8243;] Kahvalt\u0131 Taba\u011f\u0131 ( 07:30 \/ 11:30 ) Taze portakal suyu, g\u00fcnl\u00fck taze unlu mam\u00fcller, bal, tereya\u011f\u0131, \u015fark\u00fcteri et, t\u00fcrk peynir \u00e7e\u015fitleri, zeyti, re\u00e7el, yumurta ve s\u0131cak i\u00e7ecek tercihleriniz ile[\/mvc_infobox][vc_separator][mvc_infobox info_style=&#8221;mega_info_box_2&#8243; title_color=&#8221;#000000&#8243; image_id=&#8221;9869&#8243; image_size=&#8221;416&#8243; title_size=&#8221;28&#8243; css=&#8221;.vc_custom_1680689895219{border-top-width: 1px !important;border-right-width: 1px !important;border-bottom-width: 1px !important;border-left-width: 1px !important;border-left-color: #f5f5f5 !important;border-right-color: #f5f5f5 !important;border-top-color: #f5f5f5 !important;border-bottom-color: #f5f5f5 !important;}&#8221;] Mercimek \u00c7orbas\u0131 Mevsim sebzeler, mercimek , kroton ekmek [&hellip;]<\/p>\n","protected":false},"author":1,"featured_media":0,"parent":0,"menu_order":0,"comment_status":"closed","ping_status":"closed","template":"","meta":{"footnotes":""},"class_list":["post-10030","page","type-page","status-publish","hentry"],"_links":{"self":[{"href":"https:\/\/hotelyasmaksultan.com\/tr\/wp-json\/wp\/v2\/pages\/10030","targetHints":{"allow":["GET"]}}],"collection":[{"href":"https:\/\/hotelyasmaksultan.com\/tr\/wp-json\/wp\/v2\/pages"}],"about":[{"href":"https:\/\/hotelyasmaksultan.com\/tr\/wp-json\/wp\/v2\/types\/page"}],"author":[{"embeddable":true,"href":"https:\/\/hotelyasmaksultan.com\/tr\/wp-json\/wp\/v2\/users\/1"}],"replies":[{"embeddable":true,"href":"https:\/\/hotelyasmaksultan.com\/tr\/wp-json\/wp\/v2\/comments?post=10030"}],"version-history":[{"count":5,"href":"https:\/\/hotelyasmaksultan.com\/tr\/wp-json\/wp\/v2\/pages\/10030\/revisions"}],"predecessor-version":[{"id":10036,"href":"https:\/\/hotelyasmaksultan.com\/tr\/wp-json\/wp\/v2\/pages\/10030\/revisions\/10036"}],"wp:attachment":[{"href":"https:\/\/hotelyasmaksultan.com\/tr\/wp-json\/wp\/v2\/media?parent=10030"}],"curies":[{"name":"wp","href":"https:\/\/api.w.org\/{rel}","templated":true}]}}