{"id":8456,"date":"2021-01-26T16:45:58","date_gmt":"2021-01-26T13:45:58","guid":{"rendered":"https:\/\/hotelyasmaksultan.com\/tours\/"},"modified":"2021-09-28T23:55:11","modified_gmt":"2021-09-28T20:55:11","slug":"turlar","status":"publish","type":"page","link":"https:\/\/hotelyasmaksultan.com\/tr\/turlar\/","title":{"rendered":"Turlar"},"content":{"rendered":"<div class=\"wpb-content-wrapper\"><p>[vc_row equal_height=&#8221;yes&#8221; css=&#8221;.vc_custom_1611667107454{background-color: #f7f7f7 !important;}&#8221;][vc_column width=&#8221;1\/2&#8243; css=&#8221;.vc_custom_1611667164524{padding-top: 115px !important;padding-right: 40px !important;padding-bottom: 80px !important;padding-left: 40px !important;}&#8221;][vc_custom_heading text=&#8221;\u0130MPERYAL TURU&#8221; font_container=&#8221;tag:h2|font_size:23|text_align:left&#8221; use_theme_fonts=&#8221;yes&#8221;][vc_column_text]<b>Ayasofya &#8216;da eski \u0130stanbul&#8217;un kalbi olan Sultanahmet\u2019te gezimize ba\u015fl\u0131yoruz.<\/b>\u00a0MS 6. y\u00fczy\u0131lda \u0130mparator Justinian taraf\u0131ndan yapt\u0131r\u0131lm\u0131\u015f ve Anthemius of Tralles ve Isadore of Miletus taraf\u0131ndan tasarlanm\u0131\u015f olan kilise, d\u00fcnya mimarisinin harikalar\u0131ndan biridir. Sonra Sultanahmet Camii&#8217;ni ziyaret ediyoruz. 17. y\u00fczy\u0131l\u0131n ba\u015flar\u0131nda Sultan I. Ahmet taraf\u0131ndan yapt\u0131r\u0131lm\u0131\u015ft\u0131r ve Osmanl\u0131 mimarlar\u0131n\u0131n en b\u00fcy\u00fc\u011f\u00fc olan Sinan&#8217;\u0131n \u00f6\u011frencisi taraf\u0131ndan tasarlanm\u0131\u015ft\u0131r. Avlusu \u00f6zellikle b\u00fcy\u00fckt\u00fcr. Antik Bizans stadyumu olan Hipodrom, 100.000 seyirci ve imparatorlu\u011fun her k\u00f6\u015fesinden nesneler i\u00e7eriyordu. Eski \u015fehrin ticari kalbi olan Kapal\u0131 \u00c7ar\u015f\u0131, hal\u0131, kilim, ipek, m\u00fccevher, seramik, simgeler ve deri e\u015fyalar gibi hazinelerle doluydu. G\u00fcn\u00fcm\u00fczde hala haldan, m\u00fccevherata \u00e7ok \u00e7e\u015fitli d\u00fckkanlar\u0131 bulundurur.[\/vc_column_text][\/vc_column][vc_column width=&#8221;1\/2&#8243; css=&#8221;.vc_custom_1611668508789{background-image: url(http:\/\/www.romanceistanbulhotel.com\/wp-content\/uploads\/2021\/01\/sultanahmet-dikili.jpg?id=889) !important;background-position: center !important;background-repeat: no-repeat !important;background-size: cover !important;}&#8221;][\/vc_column][\/vc_row][vc_row equal_height=&#8221;yes&#8221; css=&#8221;.vc_custom_1611667107454{background-color: #f7f7f7 !important;}&#8221;][vc_column width=&#8221;1\/2&#8243; css=&#8221;.vc_custom_1611668558788{background-image: url(http:\/\/www.romanceistanbulhotel.com\/wp-content\/uploads\/2020\/11\/MAIN-ENTRANCE.jpg?id=632) !important;background-position: center !important;background-repeat: no-repeat !important;background-size: cover !important;}&#8221;][\/vc_column][vc_column width=&#8221;1\/2&#8243; css=&#8221;.vc_custom_1611667191337{padding-top: 115px !important;padding-right: 40px !important;padding-bottom: 80px !important;padding-left: 40px !important;background-position: center !important;background-repeat: no-repeat !important;background-size: cover !important;}&#8221;][vc_custom_heading text=&#8221;OSMANLI G\u00d6RKEM\u0130&#8221; font_container=&#8221;tag:h2|font_size:23|text_align:left&#8221; use_theme_fonts=&#8221;yes&#8221;][vc_column_text]<\/p>\n<div class=\"grid_6 text-cloumn\">\n<div class=\"tb\">\n<div class=\"td\">\n<div class=\"item\">\n<p><b>Turumuza, 15. &#8211; 19. y\u00fczy\u0131l Osmanl\u0131 Padi\u015fahlar\u0131n\u0131n mekan\u0131 olan Topkap\u0131 Saray\u0131 ile ba\u015fl\u0131yoruz.<\/b>Muhte\u015fem \u0130mparatorluk Hazinesi ve Ba\u011fdat K\u00f6\u015fk\u00fcn\u00fc ziyaret edece\u011fiz. Topkap\u0131 Saray\u0131 \u015fimdi bir m\u00fczedir ve d\u00fcnyadaki en b\u00fcy\u00fck \u00fc\u00e7\u00fcnc\u00fc Spoonmaker&#8217;s Diamond da dahil olmak \u00fczere rakipsiz kuyumculuk koleksiyonlar\u0131na sahiptir. Ayr\u0131ca, bir\u00e7ok krall\u0131klardan hediyeler ve \u00c7in seramiklerinden olu\u015fan d\u00fcnyan\u0131n en iyi koleksiyonlar\u0131ndan biri de dahil olmak \u00fczere bir\u00e7ok Osmanl\u0131 saray\u0131 kost\u00fcm\u00fc ve serami\u011fi bulunuyor.<\/p>\n<\/div>\n<\/div>\n<\/div>\n<\/div>\n<p>[\/vc_column_text][\/vc_column][\/vc_row][vc_row equal_height=&#8221;yes&#8221; css=&#8221;.vc_custom_1611667107454{background-color: #f7f7f7 !important;}&#8221;][vc_column width=&#8221;1\/2&#8243; css=&#8221;.vc_custom_1611667164524{padding-top: 115px !important;padding-right: 40px !important;padding-bottom: 80px !important;padding-left: 40px !important;}&#8221;][vc_custom_heading text=&#8221;SABAH BO\u011eAZ TURU&#8221; font_container=&#8221;tag:h2|font_size:23|text_align:left&#8221; use_theme_fonts=&#8221;yes&#8221;][vc_column_text]\u0130stanbul&#8217;un en renkli, kalabal\u0131k cazibe merkezlerinden biri olan 17. y\u00fczy\u0131l M\u0131s\u0131r \u00c7ar\u015f\u0131s\u0131&#8217;na k\u0131sa bir ziyaret ile ba\u015fl\u0131yoruz. Daha sonra, Avrupa ve Asya&#8217;y\u0131 birbirine ba\u011flayan \u0130stanbul \u00fczerinden ge\u00e7en g\u00f6rkemli bo\u011faz olan Bo\u011fazi\u00e7i boyunca unutulmaz bir yolculu\u011fa \u00e7\u0131karken Hali\u00e7&#8217;e gidiyoruz. Teknemizden, Bo\u011faz&#8217;\u0131n a\u011fa\u00e7l\u0131k k\u0131y\u0131lar\u0131nda yer alan dramatik manzaralar\u0131 g\u00f6r\u00fcyoruz: Bir zamanlar d\u00fcnyan\u0131n en uzun k\u00f6pr\u00fcs\u00fc olan camiler ve Rumeli Hisar\u0131, sadece \u00fc\u00e7 ayda Fatih taraf\u0131ndan Mehmet taraf\u0131ndan yapt\u0131r\u0131lacak b\u00fcy\u00fck bir kaledir. \u0130stanbul. Bu turda dikkat \u00e7eken nokta, 19. y\u00fczy\u0131ldan kalma Osmanl\u0131 se\u00e7kinlerinin k\u00f6\u015fkleri ve Sultan\u0131n saraylar\u0131 ve av k\u00f6\u015fkleridir[\/vc_column_text][\/vc_column][vc_column width=&#8221;1\/2&#8243; css=&#8221;.vc_custom_1611668582040{background-image: url(http:\/\/www.romanceistanbulhotel.com\/wp-content\/uploads\/2021\/01\/blue-mosque.jpg?id=881) !important;background-position: center !important;background-repeat: no-repeat !important;background-size: cover !important;}&#8221;][\/vc_column][\/vc_row][vc_row equal_height=&#8221;yes&#8221; css=&#8221;.vc_custom_1611667107454{background-color: #f7f7f7 !important;}&#8221;][vc_column width=&#8221;1\/2&#8243; css=&#8221;.vc_custom_1611668607522{background-image: url(http:\/\/www.romanceistanbulhotel.com\/wp-content\/uploads\/2021\/01\/Spice-Bazaar.jpg?id=867) !important;background-position: center !important;background-repeat: no-repeat !important;background-size: cover !important;}&#8221;][\/vc_column][vc_column width=&#8221;1\/2&#8243; css=&#8221;.vc_custom_1611667191337{padding-top: 115px !important;padding-right: 40px !important;padding-bottom: 80px !important;padding-left: 40px !important;background-position: center !important;background-repeat: no-repeat !important;background-size: cover !important;}&#8221;][vc_custom_heading text=&#8221;G\u00dcNL\u00dcK \u00d6\u011eLEDEN SONRA TURLARI&#8221; font_container=&#8221;tag:h2|font_size:23|text_align:left&#8221; use_theme_fonts=&#8221;yes&#8221;][vc_column_text]Bo\u011faz\u0131 gezip ve teknemizin g\u00fcvertesinden, tarihi k\u00f6yler, g\u00f6rkemli liman k\u00f6\u015fkleri, Anadolu Hisar\u0131 gibi heybetli kaleler ve Osmanl\u0131&#8217;nun Barok saraylar\u0131 ile kapl\u0131 efsanevi su yolunun manzaralar\u0131n\u0131 ve seslerini duyuyoruz. Yolculu\u011fumuzdan sonra nefes kesen Hali\u00e7&#8217;i, renkler, sesler ve egzotik baharat kokular\u0131 ile heyecan verici bir turla M\u0131s\u0131r \u00c7ar\u015f\u0131s\u0131&#8217;na do\u011fru yol al\u0131yoruz.[\/vc_column_text][\/vc_column][\/vc_row][vc_row equal_height=&#8221;yes&#8221; css=&#8221;.vc_custom_1611667107454{background-color: #f7f7f7 !important;}&#8221;][vc_column width=&#8221;1\/2&#8243; css=&#8221;.vc_custom_1611667164524{padding-top: 115px !important;padding-right: 40px !important;padding-bottom: 80px !important;padding-left: 40px !important;}&#8221;][vc_custom_heading text=&#8221;ASYA VE BEYLERBEYI SARAYI&#8221; font_container=&#8221;tag:h2|font_size:23|text_align:left&#8221; use_theme_fonts=&#8221;yes&#8221;][vc_column_text]D\u00fcnyan\u0131n en uzun ask\u0131 k\u00f6pr\u00fcs\u00fc olan ilk Bo\u011faz K\u00f6pr\u00fcs\u00fc&#8217;n\u00fc ge\u00e7erek, Marmara Denizi ve Adalar&#8217;\u0131n panoramik manzaralar\u0131n\u0131 sunan \u00c7aml\u0131ca Tepesi zirvesine harekete ba\u015fl\u0131yoruz. Buradan k\u0131sa bir yolculuk bizi Bo\u011faz&#8217;\u0131n k\u0131y\u0131s\u0131nda Beylerbeyi Saray\u0131&#8217;na getiriyor. Belki de ge\u00e7 Osmanl\u0131 saraylar\u0131n\u0131n en zarif olan\u0131 olan Beylerbeyi, alt\u0131 adet s\u00fcsl\u00fc bir bi\u00e7imde d\u00f6\u015fenmi\u015f, Bohem kristal avizelerle donat\u0131lm\u0131\u015f resepsiyon salonlar\u0131 ile S\u00e8vres ile \u00c7in vazolar\u0131na ve kapal\u0131 bir \u00e7e\u015fmeye ve bir ana salona sahiptir. Saray\u0131n padi\u015fahlar\u0131n\u0131n konuklar\u0131 Fransa krali\u00e7esi Eug\u00e9nie, \u0130ran \u015eah Nasruddin ve Rusya B\u00fcy\u00fck D\u00fck Nicholas&#8217;d\u0131.[\/vc_column_text][\/vc_column][vc_column width=&#8221;1\/2&#8243; css=&#8221;.vc_custom_1611668638694{background-image: url(http:\/\/www.romanceistanbulhotel.com\/wp-content\/uploads\/2021\/01\/beylerbeyi-sarayi.jpg?id=890) !important;background-position: center !important;background-repeat: no-repeat !important;background-size: cover !important;}&#8221;][\/vc_column][\/vc_row][vc_row equal_height=&#8221;yes&#8221; css=&#8221;.vc_custom_1611667107454{background-color: #f7f7f7 !important;}&#8221;][vc_column width=&#8221;1\/2&#8243; css=&#8221;.vc_custom_1611668672152{background-image: url(http:\/\/www.romanceistanbulhotel.com\/wp-content\/uploads\/2021\/01\/reina.jpg?id=891) !important;background-position: center !important;background-repeat: no-repeat !important;background-size: cover !important;}&#8221;][\/vc_column][vc_column width=&#8221;1\/2&#8243; css=&#8221;.vc_custom_1611667191337{padding-top: 115px !important;padding-right: 40px !important;padding-bottom: 80px !important;padding-left: 40px !important;background-position: center !important;background-repeat: no-repeat !important;background-size: cover !important;}&#8221;][vc_custom_heading text=&#8221;\u0130STANBUL GECELER\u0130&#8221; font_container=&#8221;tag:h2|font_size:23|text_align:left&#8221; use_theme_fonts=&#8221;yes&#8221;][vc_column_text]Lezzetli mezeler de dahil olmak \u00fczere otantik T\u00fcrk mutfa\u011f\u0131n\u0131n tad\u0131n\u0131 \u00e7\u0131karaca\u011f\u0131m\u0131z se\u00e7kin bir gece kul\u00fcb\u00fcne gidece\u011fiz. T\u00fcrk halk\u0131 yemekleriyle ve geleneksel m\u00fczikleriyle gurur duyar. Ak\u015fam yeme\u011finden sonra Anadolu&#8217;nun farkl\u0131 b\u00f6lgelerinden halk m\u00fczisyenleri bizim i\u00e7in performans sergileyecekler. Ve tabii \u0130stanbul&#8217;da gece oryantal dans\u00f6z olmadan tamamlanmazd\u0131. \u015eehrin en g\u00fczel yerlerinden birinde a\u011f\u0131rlanaca\u011f\u0131z.[\/vc_column_text][\/vc_column][\/vc_row][vc_row equal_height=&#8221;yes&#8221; css=&#8221;.vc_custom_1611667107454{background-color: #f7f7f7 !important;}&#8221;][vc_column width=&#8221;1\/2&#8243; css=&#8221;.vc_custom_1611667164524{padding-top: 115px !important;padding-right: 40px !important;padding-bottom: 80px !important;padding-left: 40px !important;}&#8221;][vc_custom_heading text=&#8221;ADALAR&#8221; font_container=&#8221;tag:h2|font_size:23|text_align:left&#8221; use_theme_fonts=&#8221;yes&#8221;][vc_column_text]\u0130stanbul&#8217;un g\u00fcr\u00fclt\u00fcs\u00fcnden kurtulmak i\u00e7in Adalar\u0131 ziyaret etmekten daha iyi bir se\u00e7enek yoktur. Ada grubunun en b\u00fcy\u00fc\u011f\u00fc olan B\u00fcy\u00fckada&#8217;ya giden yolda serin esintilerin ve b\u00fcy\u00fcleyici manzaralar\u0131n tad\u0131n\u0131 \u00e7\u0131kar\u0131n. Hafif iklimleri, yemye\u015fil bitki \u00f6rt\u00fcs\u00fc ve s\u00fcsl\u00fc Osmanl\u0131 evleri ile \u00fcnl\u00fc olan t\u00fcm adalarda trafik sorunuyla kar\u015f\u0131la\u015fmazs\u0131n\u0131z. Arabalar yerine aday\u0131 gezmek i\u00e7in kullanaca\u011f\u0131m\u0131z, fayton ad\u0131 verilen arabalar ile g\u00fczel manzaralar\u0131 ve zarif bir d\u00f6nemi simgeleyen konaklarla doludur. R\u0131ht\u0131m\u0131 do\u011fru uzanan m\u00fckemmel bir\u00e7ok taze bal\u0131k restoranlar\u0131n en iyilerinde \u00f6\u011fle yeme\u011fimizin tad\u0131n\u0131 \u00e7\u0131karaca\u011f\u0131z, Asya sahilinde \u0130stanbul&#8217;un kar\u015f\u0131s\u0131nda duruyor olaca\u011f\u0131m\u0131zdan d\u00fcnyay\u0131 uzaktan seyrettme hissine kap\u0131lacaks\u0131n\u0131z.[\/vc_column_text][\/vc_column][vc_column width=&#8221;1\/2&#8243; css=&#8221;.vc_custom_1611668701044{background-image: url(http:\/\/www.romanceistanbulhotel.com\/wp-content\/uploads\/2021\/01\/Princess-Islands.jpg?id=892) !important;background-position: center !important;background-repeat: no-repeat !important;background-size: cover !important;}&#8221;][\/vc_column][\/vc_row][vc_row equal_height=&#8221;yes&#8221; css=&#8221;.vc_custom_1611667107454{background-color: #f7f7f7 !important;}&#8221;][vc_column width=&#8221;1\/2&#8243; css=&#8221;.vc_custom_1611668722321{background-image: url(http:\/\/www.romanceistanbulhotel.com\/wp-content\/uploads\/2021\/01\/istiklal.jpg?id=884) !important;background-position: center !important;background-repeat: no-repeat !important;background-size: cover !important;}&#8221;][\/vc_column][vc_column width=&#8221;1\/2&#8243; css=&#8221;.vc_custom_1611667191337{padding-top: 115px !important;padding-right: 40px !important;padding-bottom: 80px !important;padding-left: 40px !important;background-position: center !important;background-repeat: no-repeat !important;background-size: cover !important;}&#8221;][vc_custom_heading text=&#8221;PERA TURU&#8221; font_container=&#8221;tag:h2|font_size:23|text_align:left&#8221; use_theme_fonts=&#8221;yes&#8221;][vc_column_text]Pera Turumuz, Taksim Meydan\u0131&#8217;ndaki Istiklal Caddesi&#8217;nin ba\u015f\u0131nda Frans\u0131z k\u00fclt\u00fcr\u00fcn\u00fc \u0130stanbul&#8217;a getiren Frans\u0131z K\u00fclt\u00fcr Merkezi ile ba\u015fl\u0131yor ve b\u00f6lgenin kendine \u00f6zg\u00fc olma hissini ya\u015fat\u0131yor. Ard\u0131ndan \u0130stanbul&#8217;un en b\u00fcy\u00fck Do\u011fu Ortodoks Kilisesi olan Aya Triada&#8217;y\u0131 ziyaret ediyoruz. K\u0131sa bir y\u00fcr\u00fcy\u00fc\u015f bizi 1597 y\u0131l\u0131na dayanan A\u011fa Camii camisine getiriyor. Daha sonra, 1868 y\u0131l\u0131nda kurulan Galatasaray Lisesi&#8217;ni ziyaret ediyoruz. Caddenin kar\u015f\u0131s\u0131nda 19. y\u00fczy\u0131l \u00c7i\u00e7ek Pasaj\u0131 var. \u0130stiklal Caddesi&#8217;nden indikten sonra \u0130stanbul&#8217;un en b\u00fcy\u00fck Katolik Kilisesi Saint Antoine Kilisesinde duruyoruz. Yak\u0131nda K\u0131r\u0131m An\u0131t\u0131 Kilisesi var. Buradan, Orient Express&#8217;e terminal otel olan Pera Palace Hotel&#8217;i ziyaret edip, 1875&#8217;te in\u015fa edilen T\u00fcnel finik\u00fclerine biniyoruz.[\/vc_column_text][\/vc_column][\/vc_row][vc_row equal_height=&#8221;yes&#8221; css=&#8221;.vc_custom_1611667107454{background-color: #f7f7f7 !important;}&#8221;][vc_column width=&#8221;1\/2&#8243; css=&#8221;.vc_custom_1611667164524{padding-top: 115px !important;padding-right: 40px !important;padding-bottom: 80px !important;padding-left: 40px !important;}&#8221;][vc_custom_heading text=&#8221;BURSA TURU&#8221; font_container=&#8221;tag:h2|font_size:23|text_align:left&#8221; use_theme_fonts=&#8221;yes&#8221;][vc_column_text]Feribotla Yalova&#8217;ya, sonra l\u00fcks ara\u00e7larla tarihi M.\u00d6.&#8217;ye kadar uzanan Bursa kentine gidiyoruz. Osmanl\u0131 \u0130mparatorlu\u011funun ilk ba\u015fkenti olan Bursa, \u0130slam mimarisinin en b\u00fcy\u00fck hazinelerinden biridir. \u00d6ncelikle muhte\u015fem kiremit s\u00fcslemeleri ile tan\u0131nan Ye\u015fil Cami ve kom\u015fu Ye\u015fil Mezar\u0131n yan\u0131 s\u0131ra y\u00fczy\u0131llarca Bursa&#8217;n\u0131n geli\u015fen ipek ticaretinin merkezi olan 14. y\u00fczy\u0131l\u0131n sonlar\u0131nda B\u00fcy\u00fck Cami ve Koza Han&#8217;\u0131 ziyaret edece\u011fiz. T\u00fcrkiye&#8217;nin ipek \u00fcretim ve ithalat\u0131n\u0131n ba\u015fkenti olan Bursa, 17. y\u00fczy\u0131la kadar Osmanl\u0131 saraylar\u0131 i\u00e7in kaftanlar, yast\u0131klar, nak\u0131\u015f ve di\u011fer ipek \u00fcr\u00fcnlerini \u00fcreten tecr\u00fcbeli esnaf\u0131n da eviydi.[\/vc_column_text][\/vc_column][vc_column width=&#8221;1\/2&#8243; css=&#8221;.vc_custom_1611668753362{background-image: url(http:\/\/www.romanceistanbulhotel.com\/wp-content\/uploads\/2021\/01\/bursa.jpg?id=893) !important;background-position: center !important;background-repeat: no-repeat !important;background-size: cover !important;}&#8221;][\/vc_column][\/vc_row]<\/p>\n<\/div>","protected":false},"excerpt":{"rendered":"<p>[vc_row equal_height=&#8221;yes&#8221; css=&#8221;.vc_custom_1611667107454{background-color: #f7f7f7 !important;}&#8221;][vc_column width=&#8221;1\/2&#8243; css=&#8221;.vc_custom_1611667164524{padding-top: 115px !important;padding-right: 40px !important;padding-bottom: 80px !important;padding-left: 40px !important;}&#8221;][vc_custom_heading text=&#8221;\u0130MPERYAL TURU&#8221; font_container=&#8221;tag:h2|font_size:23|text_align:left&#8221; use_theme_fonts=&#8221;yes&#8221;][vc_column_text]Ayasofya &#8216;da eski \u0130stanbul&#8217;un kalbi olan Sultanahmet\u2019te gezimize ba\u015fl\u0131yoruz.\u00a0MS 6. y\u00fczy\u0131lda \u0130mparator Justinian taraf\u0131ndan yapt\u0131r\u0131lm\u0131\u015f ve Anthemius of Tralles ve Isadore of Miletus taraf\u0131ndan tasarlanm\u0131\u015f olan kilise, d\u00fcnya mimarisinin harikalar\u0131ndan biridir. Sonra Sultanahmet Camii&#8217;ni ziyaret ediyoruz. 17. y\u00fczy\u0131l\u0131n ba\u015flar\u0131nda Sultan I. Ahmet taraf\u0131ndan yapt\u0131r\u0131lm\u0131\u015ft\u0131r ve Osmanl\u0131 mimarlar\u0131n\u0131n en b\u00fcy\u00fc\u011f\u00fc olan Sinan&#8217;\u0131n \u00f6\u011frencisi taraf\u0131ndan tasarlanm\u0131\u015ft\u0131r. Avlusu \u00f6zellikle b\u00fcy\u00fckt\u00fcr. Antik Bizans stadyumu olan Hipodrom, 100.000 seyirci ve imparatorlu\u011fun her k\u00f6\u015fesinden nesneler i\u00e7eriyordu. Eski \u015fehrin ticari kalbi olan Kapal\u0131 \u00c7ar\u015f\u0131, hal\u0131, kilim, ipek, m\u00fccevher, seramik, [&hellip;]<\/p>\n","protected":false},"author":1,"featured_media":0,"parent":0,"menu_order":0,"comment_status":"closed","ping_status":"closed","template":"","meta":{"footnotes":""},"class_list":["post-8456","page","type-page","status-publish","hentry"],"_links":{"self":[{"href":"https:\/\/hotelyasmaksultan.com\/tr\/wp-json\/wp\/v2\/pages\/8456","targetHints":{"allow":["GET"]}}],"collection":[{"href":"https:\/\/hotelyasmaksultan.com\/tr\/wp-json\/wp\/v2\/pages"}],"about":[{"href":"https:\/\/hotelyasmaksultan.com\/tr\/wp-json\/wp\/v2\/types\/page"}],"author":[{"embeddable":true,"href":"https:\/\/hotelyasmaksultan.com\/tr\/wp-json\/wp\/v2\/users\/1"}],"replies":[{"embeddable":true,"href":"https:\/\/hotelyasmaksultan.com\/tr\/wp-json\/wp\/v2\/comments?post=8456"}],"version-history":[{"count":2,"href":"https:\/\/hotelyasmaksultan.com\/tr\/wp-json\/wp\/v2\/pages\/8456\/revisions"}],"predecessor-version":[{"id":9070,"href":"https:\/\/hotelyasmaksultan.com\/tr\/wp-json\/wp\/v2\/pages\/8456\/revisions\/9070"}],"wp:attachment":[{"href":"https:\/\/hotelyasmaksultan.com\/tr\/wp-json\/wp\/v2\/media?parent=8456"}],"curies":[{"name":"wp","href":"https:\/\/api.w.org\/{rel}","templated":true}]}}