{"id":8463,"date":"2021-01-26T16:32:17","date_gmt":"2021-01-26T13:32:17","guid":{"rendered":"https:\/\/hotelyasmaksultan.com\/things-to-do-istanbul\/"},"modified":"2025-11-03T14:20:17","modified_gmt":"2025-11-03T11:20:17","slug":"istanbulda-yapilacaklar","status":"publish","type":"page","link":"https:\/\/hotelyasmaksultan.com\/tr\/istanbulda-yapilacaklar\/","title":{"rendered":"\u0130stanbul&#8217;da Yap\u0131lacaklar"},"content":{"rendered":"<div class=\"wpb-content-wrapper\"><p>[vc_row equal_height=&#8221;yes&#8221; css=&#8221;.vc_custom_1611667107454{background-color: #f7f7f7 !important;}&#8221;][vc_column width=&#8221;1\/2&#8243; css=&#8221;.vc_custom_1611667164524{padding-top: 115px !important;padding-right: 40px !important;padding-bottom: 80px !important;padding-left: 40px !important;}&#8221;][vc_custom_heading text=&#8221;1) M\u0131s\u0131r \u00c7ar\u015f\u0131s\u0131\u2019n\u0131 ziyaret edin&#8221; font_container=&#8221;tag:h2|font_size:23|text_align:left&#8221; use_theme_fonts=&#8221;yes&#8221;][vc_column_text]Kapal\u0131\u00e7ar\u015f\u0131&#8217;ndan sonra ikinci en b\u00fcy\u00fck pazard\u0131r. Her t\u00fcrl\u00fc, baharat, f\u0131nd\u0131k, kurutulmu\u015f meyve, T\u00fcrk Kahvesi, yaprakl\u0131 \u00e7ay ve hatta T\u00fcrk lokumunu alabilece\u011finiz M\u0131s\u0131r \u00e7ar\u015f\u0131s\u0131, otelimize yakla\u015f\u0131k 500 metre uzakl\u0131ktad\u0131r.[\/vc_column_text][\/vc_column][vc_column width=&#8221;1\/2&#8243; css=&#8221;.vc_custom_1611667552827{background-image: url(http:\/\/www.romanceistanbulhotel.com\/wp-content\/uploads\/2021\/01\/Spice-Bazaar.jpg?id=867) !important;background-position: center !important;background-repeat: no-repeat !important;background-size: cover !important;}&#8221;][\/vc_column][\/vc_row][vc_row equal_height=&#8221;yes&#8221; css=&#8221;.vc_custom_1611667107454{background-color: #f7f7f7 !important;}&#8221;][vc_column width=&#8221;1\/2&#8243; css=&#8221;.vc_custom_1611667580761{background-image: url(http:\/\/www.romanceistanbulhotel.com\/wp-content\/uploads\/2021\/01\/dervish-show.jpg?id=868) !important;background-position: center !important;background-repeat: no-repeat !important;background-size: cover !important;}&#8221;][\/vc_column][vc_column width=&#8221;1\/2&#8243; css=&#8221;.vc_custom_1611667191337{padding-top: 115px !important;padding-right: 40px !important;padding-bottom: 80px !important;padding-left: 40px !important;background-position: center !important;background-repeat: no-repeat !important;background-size: cover !important;}&#8221;][vc_custom_heading text=&#8221;(2)Semazen G\u00f6sterisini izlemeye gidin&#8221; font_container=&#8221;tag:h2|font_size:23|text_align:left&#8221; use_theme_fonts=&#8221;yes&#8221;][vc_column_text]T\u00fcrkiye, Tasavvuf D\u00f6nemi Dervi\u015f Mevlevihanesi&#8217;ne ev sahipli\u011fi yapmaktad\u0131r. Dervi\u015fler kendilerini Tanr\u0131&#8217;ya yakla\u015ft\u0131ran ve d\u00fcnyadan kendilerini tamamen soyutlayarak kendi etraflar\u0131nda d\u00f6nerler. Bu g\u00f6steri sizin i\u00e7im benzersiz bir deneyim olacakt\u0131r. Hodjapasha K\u00fclt\u00fcr merkezi, dervi\u015fleri izlemek i\u00e7in en iyi yerlerden biridir. Bu k\u00fclt\u00fcr merkezi otelimize 50 metre uzakl\u0131ktad\u0131r. Ayr\u0131nt\u0131l\u0131 bilgi i\u00e7in misafir ili\u015fkilieri departman\u0131m\u0131zla temasa ge\u00e7mekten \u00e7ekinmeyin:\u00a0 guestrelations@romanceistanbulhotel.com[\/vc_column_text][\/vc_column][\/vc_row][vc_row equal_height=&#8221;yes&#8221; css=&#8221;.vc_custom_1611667107454{background-color: #f7f7f7 !important;}&#8221;][vc_column width=&#8221;1\/2&#8243; css=&#8221;.vc_custom_1611667164524{padding-top: 115px !important;padding-right: 40px !important;padding-bottom: 80px !important;padding-left: 40px !important;}&#8221;][vc_custom_heading text=&#8221;(3) Galata K\u00f6pr\u00fcs\u00fcnde y\u00fcr\u00fcy\u00fcn&#8221; font_container=&#8221;tag:h2|font_size:23|text_align:left&#8221; use_theme_fonts=&#8221;yes&#8221;][vc_column_text]Evet, tramvaya binebilirsiniz, ancak y\u00fcr\u00fcmeyi se\u00e7erseniz, k\u00f6pr\u00fcden bal\u0131k tutan t\u00fcm yerli halk\u0131, susam kapl\u0131 simitleri satan sat\u0131c\u0131lar\u0131 ve yolcular\u0131 Bo\u011faza g\u00f6t\u00fcren tekneleri g\u00f6receksiniz.[\/vc_column_text][\/vc_column][vc_column width=&#8221;1\/2&#8243; css=&#8221;.vc_custom_1611667609377{background-image: url(http:\/\/www.romanceistanbulhotel.com\/wp-content\/uploads\/2021\/01\/istanbul-turkey-galata-galata-bridge.jpg?id=869) !important;background-position: center !important;background-repeat: no-repeat !important;background-size: cover !important;}&#8221;][\/vc_column][\/vc_row][vc_row equal_height=&#8221;yes&#8221; css=&#8221;.vc_custom_1611667107454{background-color: #f7f7f7 !important;}&#8221;][vc_column width=&#8221;1\/2&#8243; css=&#8221;.vc_custom_1611667642495{background-image: url(http:\/\/www.romanceistanbulhotel.com\/wp-content\/uploads\/2021\/01\/simit.jpg?id=870) !important;background-position: center !important;background-repeat: no-repeat !important;background-size: cover !important;}&#8221;][\/vc_column][vc_column width=&#8221;1\/2&#8243; css=&#8221;.vc_custom_1611667191337{padding-top: 115px !important;padding-right: 40px !important;padding-bottom: 80px !important;padding-left: 40px !important;background-position: center !important;background-repeat: no-repeat !important;background-size: cover !important;}&#8221;][vc_custom_heading text=&#8221;(4) Me\u015fhur \u0130stanbul simidini yiyin&#8221; font_container=&#8221;tag:h2|font_size:23|text_align:left&#8221; use_theme_fonts=&#8221;yes&#8221;][vc_column_text]Bu lezzetli simitlerden birini \u015fehirde bulunan herhangi bir f\u0131r\u0131ndan alabilirsiniz.Biz Ci\u011fdem veya Sultanahmet Meydan\u0131&#8217;ndaki Pastanesi&#8217;nden veya \u0130stiklal Caddesi\u2019ndeki k\u00fc\u00e7\u00fck k\u0131rm\u0131z\u0131 standlardan birinden alman\u0131z\u0131 \u00f6neririz.[\/vc_column_text][\/vc_column][\/vc_row][vc_row equal_height=&#8221;yes&#8221; css=&#8221;.vc_custom_1611667107454{background-color: #f7f7f7 !important;}&#8221;][vc_column width=&#8221;1\/2&#8243; css=&#8221;.vc_custom_1611667164524{padding-top: 115px !important;padding-right: 40px !important;padding-bottom: 80px !important;padding-left: 40px !important;}&#8221;][vc_custom_heading text=&#8221;(5) Bo\u011fazda bir tekne turu yap\u0131n&#8221; font_container=&#8221;tag:h2|font_size:23|text_align:left&#8221; use_theme_fonts=&#8221;yes&#8221;][vc_column_text]\u015eehirde yaln\u0131zca birka\u00e7 k\u0131sa g\u00fcne sahipseniz ve ba\u015fl\u0131ca turistik yerlerin t\u00fcm\u00fcn\u00fc kapsayamayaca\u011f\u0131n\u0131z\u0131 biliyorsan\u0131z, \u0130stanbul&#8217;un ana ilgi noktalar\u0131na bir g\u00f6z atmak i\u00e7in Bo\u011faz\u2019da bir tekne gezintisi alt\u0131nda seyir harika bir deneyim olacakt\u0131r. Dolmabah\u00e7e Saray\u0131, Rumeli Hisar\u0131, K\u0131z Kulesi ve yol boyunca bir\u00e7ok cami, yal\u0131 ve bah\u00e7eden ge\u00e7eceksiniz. Otelimize y\u00fcr\u00fcme mesafesindeki Sirkeci liman\u0131ndan inen \u00f6zel rehberli turlara veya halka a\u00e7\u0131k bo\u011faz gezilerine kat\u0131labilirsiniz. Ayr\u0131nt\u0131l\u0131 bilgi i\u00e7in misafir ili\u015fkileri departman\u0131m\u0131zla temasa ge\u00e7mekten \u00e7ekinmeyin: <a href=\"mailto:guestrelations@hotelyasmaksultan.com\">guestrelations@hotelyasmaksultan.com<\/a>[\/vc_column_text][\/vc_column][vc_column width=&#8221;1\/2&#8243; css=&#8221;.vc_custom_1611667684116{background-image: url(http:\/\/www.romanceistanbulhotel.com\/wp-content\/uploads\/2021\/01\/Bosphorus-By-Boat.jpg?id=871) !important;background-position: center !important;background-repeat: no-repeat !important;background-size: cover !important;}&#8221;][\/vc_column][\/vc_row][vc_row equal_height=&#8221;yes&#8221; css=&#8221;.vc_custom_1611667107454{background-color: #f7f7f7 !important;}&#8221;][vc_column width=&#8221;1\/2&#8243; css=&#8221;.vc_custom_1611667717264{background-image: url(http:\/\/www.romanceistanbulhotel.com\/wp-content\/uploads\/2021\/01\/turkishtea.jpg?id=872) !important;background-position: center !important;background-repeat: no-repeat !important;background-size: cover !important;}&#8221;][\/vc_column][vc_column width=&#8221;1\/2&#8243; css=&#8221;.vc_custom_1611667191337{padding-top: 115px !important;padding-right: 40px !important;padding-bottom: 80px !important;padding-left: 40px !important;background-position: center !important;background-repeat: no-repeat !important;background-size: cover !important;}&#8221;][vc_custom_heading text=&#8221;(6) T\u00fcrk \u00e7ay\u0131 i\u00e7in&#8221; font_container=&#8221;tag:h2|font_size:23|text_align:left&#8221; use_theme_fonts=&#8221;yes&#8221;][vc_column_text]\u0130stanbul&#8217;a gelirseniz, lale \u015feklindeki cam bardaklarda \u00e7ay i\u00e7melisiniz. T\u00fcrk \u00e7ay\u0131 \u00f6nce bir demlik i\u00e7inde suyu kaynat\u0131l\u0131p daha sonra demlenerek iki seviyede benzersiz bir \u015fekilde haz\u0131rlan\u0131r. \u00c7ay daha sonra barda\u011f\u0131n i\u00e7ine d\u00f6k\u00fcl\u00fcp ve s\u0131cak su ile inceltilir, b\u00f6ylece \u00e7ay\u0131n e\u015fsiz tad\u0131na varabilirsiniz. Otelimizde kahvalt\u0131da T\u00fcrk \u00e7ay\u0131 servis ediliyor, g\u00fcn boyunca odan\u0131za, lobiye veya Olive Anatolian Restaurant\u2019ta sipari\u015f verebilirsiniz.[\/vc_column_text][\/vc_column][\/vc_row][vc_row equal_height=&#8221;yes&#8221; css=&#8221;.vc_custom_1611667107454{background-color: #f7f7f7 !important;}&#8221;][vc_column width=&#8221;1\/2&#8243; css=&#8221;.vc_custom_1611667164524{padding-top: 115px !important;padding-right: 40px !important;padding-bottom: 80px !important;padding-left: 40px !important;}&#8221;][vc_custom_heading text=&#8221;(7) K\u00fc\u00e7\u00fck Ayasofya\u2019y\u0131 ziyaret edin&#8221; font_container=&#8221;tag:h2|font_size:23|text_align:left&#8221; use_theme_fonts=&#8221;yes&#8221;][vc_column_text]Aziz Ayasofya olarak da bilinen Azizler Sergius ve Baktres Kilisesi, eski bir Do\u011fu Ortodoks kilisesidir. Bu kilisenin k\u0131sa bir s\u00fcre once Ayasofya\u2019da in\u015fa etmeye devam edecek olan mimarlarla mimari bir deney olarak in\u015fa edildi\u011fi d\u00fc\u015f\u00fcn\u00fclmektedir. \u0130stanbul&#8217;un Fethi&#8217;nden Fatih Sultan Mehmet Han kiliseyi camiye \u00e7evirmemi\u015ftir. K\u00fc\u00e7\u00fck Ayasofya, Sultan 2.Bayezid d\u00f6neminde Dar\u00fcsade A\u011fas\u0131 H\u00fcseyin A\u011fa taraf\u0131ndan camiye d\u00f6n\u00fc\u015ft\u00fcr\u00fclm\u00fc\u015ft\u00fcr.[\/vc_column_text][\/vc_column][vc_column width=&#8221;1\/2&#8243; css=&#8221;.vc_custom_1611667758983{background-image: url(http:\/\/www.romanceistanbulhotel.com\/wp-content\/uploads\/2021\/01\/hagia-sophia.jpg?id=873) !important;background-position: center !important;background-repeat: no-repeat !important;background-size: cover !important;}&#8221;][\/vc_column][\/vc_row][vc_row equal_height=&#8221;yes&#8221; css=&#8221;.vc_custom_1611667107454{background-color: #f7f7f7 !important;}&#8221;][vc_column width=&#8221;1\/2&#8243; css=&#8221;.vc_custom_1611667794486{background-image: url(http:\/\/www.romanceistanbulhotel.com\/wp-content\/uploads\/2021\/01\/turkishdelight.jpg?id=874) !important;background-position: center !important;background-repeat: no-repeat !important;background-size: cover !important;}&#8221;][\/vc_column][vc_column width=&#8221;1\/2&#8243; css=&#8221;.vc_custom_1611667191337{padding-top: 115px !important;padding-right: 40px !important;padding-bottom: 80px !important;padding-left: 40px !important;background-position: center !important;background-repeat: no-repeat !important;background-size: cover !important;}&#8221;][vc_custom_heading text=&#8221;(8) T\u00fcrk lokumu tad\u0131n.&#8221; font_container=&#8221;tag:h2|font_size:23|text_align:left&#8221; use_theme_fonts=&#8221;yes&#8221;][vc_column_text]T\u00fcrk Lokumu pop\u00fcler bir sak\u0131zl\u0131 \u015fekerleme t\u00fcr\u00fcd\u00fcr.T\u00fcrk lokumunu denemek i\u00e7in en iyi yer, Hafiz Mustafa&#8217;d\u0131r; burada g\u00fcl, tar\u00e7\u0131n, nane, \u00e7ilek, limon, portakal, kivi, nar ve elma \u00e7e\u015fitlerinden birini se\u00e7ebilirsiniz. Otelimiz yar\u0131madan\u0131n merkezinde,T\u00fcrk lezzetlerini kolayca bulabilece\u011finiz bir konumdad\u0131r. Ayr\u0131ca konuklar\u0131m\u0131z\u0131n var\u0131\u015f\u0131nda T\u00fcrk deliht servis edilmektedir.[\/vc_column_text][\/vc_column][\/vc_row][vc_row equal_height=&#8221;yes&#8221; css=&#8221;.vc_custom_1611667107454{background-color: #f7f7f7 !important;}&#8221;][vc_column width=&#8221;1\/2&#8243; css=&#8221;.vc_custom_1611667164524{padding-top: 115px !important;padding-right: 40px !important;padding-bottom: 80px !important;padding-left: 40px !important;}&#8221;][vc_custom_heading text=&#8221;(9) Baklava ile kendinizi \u015f\u0131mart\u0131n&#8221; font_container=&#8221;tag:h2|font_size:23|text_align:left&#8221; use_theme_fonts=&#8221;yes&#8221;][vc_column_text]Baklava, f\u0131st\u0131kl\u0131 dolgulu fileto hamur i\u015fi katmanlar\u0131yla haz\u0131rlan\u0131r ve \u015furup veya bal ile tatland\u0131r\u0131l\u0131r. \u00c7\u00f6rekleri ve kaynam\u0131\u015f kremi unutun; \u00c7ay saatinde ihtiyac\u0131n\u0131z olan \u015fey baklavad\u0131r! Teras\u0131m\u0131zda bulunan Olive Restaurant&#8217;ta ger\u00e7ek bir baklava tadabilirsiniz. Baklava ile T\u00fcrk kahvesi sipari\u015f etmeyi unutmay\u0131n.[\/vc_column_text][\/vc_column][vc_column width=&#8221;1\/2&#8243; css=&#8221;.vc_custom_1611667830960{background-image: url(http:\/\/www.romanceistanbulhotel.com\/wp-content\/uploads\/2021\/01\/Baklava.jpg?id=875) !important;background-position: center !important;background-repeat: no-repeat !important;background-size: cover !important;}&#8221;][\/vc_column][\/vc_row][vc_row equal_height=&#8221;yes&#8221; css=&#8221;.vc_custom_1611667107454{background-color: #f7f7f7 !important;}&#8221;][vc_column width=&#8221;1\/2&#8243; css=&#8221;.vc_custom_1611667861097{background-image: url(http:\/\/www.romanceistanbulhotel.com\/wp-content\/uploads\/2021\/01\/doner-kebab1.jpg?id=876) !important;background-position: center !important;background-repeat: no-repeat !important;background-size: cover !important;}&#8221;][\/vc_column][vc_column width=&#8221;1\/2&#8243; css=&#8221;.vc_custom_1611667191337{padding-top: 115px !important;padding-right: 40px !important;padding-bottom: 80px !important;padding-left: 40px !important;background-position: center !important;background-repeat: no-repeat !important;background-size: cover !important;}&#8221;][vc_custom_heading text=&#8221;(10) D\u00f6ner yiyin&#8221; font_container=&#8221;tag:h2|font_size:23|text_align:left&#8221; use_theme_fonts=&#8221;yes&#8221;][vc_column_text]D\u00f6ner, etle haz\u0131rlanm\u0131\u015f bir T\u00fcrk yeme\u011fidir. Et kuzu, s\u0131\u011f\u0131r eti veya tavuk olabilir ve sebzeli pide ve birka\u00e7 sos ile servis edilir. \u015eehrin herhangi bir yerinde bulabilece\u011finiz lezzetli ve uygun bir \u00f6\u011fle yeme\u011fi.[\/vc_column_text][\/vc_column][\/vc_row][vc_row equal_height=&#8221;yes&#8221; css=&#8221;.vc_custom_1611667107454{background-color: #f7f7f7 !important;}&#8221;][vc_column width=&#8221;1\/2&#8243; css=&#8221;.vc_custom_1611667164524{padding-top: 115px !important;padding-right: 40px !important;padding-bottom: 80px !important;padding-left: 40px !important;}&#8221;][vc_custom_heading text=&#8221;(11) Galata Kulesi&#8217;nden manzaran\u0131n keyfini \u00e7\u0131kar\u0131n&#8221; font_container=&#8221;tag:h2|font_size:23|text_align:left&#8221; use_theme_fonts=&#8221;yes&#8221;][vc_column_text]Beyo\u011flu&#8217;nda bulunan bu kule, Rapunzel&#8217;in masallardaki evini an\u0131msat\u0131yor. Yuvarlak \u00e7at\u0131s\u0131 b\u00fcy\u00fcl\u00fc bir g\u00f6r\u00fcn\u00fcme sahiptir ve d\u0131\u015f balkondan manzara adeta nefes kesicidir.[\/vc_column_text][\/vc_column][vc_column width=&#8221;1\/2&#8243; css=&#8221;.vc_custom_1611667895781{background-image: url(http:\/\/www.romanceistanbulhotel.com\/wp-content\/uploads\/2021\/01\/Galata-Tower.jpg?id=877) !important;background-position: center !important;background-repeat: no-repeat !important;background-size: cover !important;}&#8221;][\/vc_column][\/vc_row][vc_row equal_height=&#8221;yes&#8221; css=&#8221;.vc_custom_1611667107454{background-color: #f7f7f7 !important;}&#8221;][vc_column width=&#8221;1\/2&#8243; css=&#8221;.vc_custom_1611667936201{background-image: url(http:\/\/www.romanceistanbulhotel.com\/wp-content\/uploads\/2021\/01\/olive-din2.jpg?id=878) !important;background-position: center !important;background-repeat: no-repeat !important;background-size: cover !important;}&#8221;][\/vc_column][vc_column width=&#8221;1\/2&#8243; css=&#8221;.vc_custom_1611667191337{padding-top: 115px !important;padding-right: 40px !important;padding-bottom: 80px !important;padding-left: 40px !important;background-position: center !important;background-repeat: no-repeat !important;background-size: cover !important;}&#8221;][vc_custom_heading text=&#8221;(12) \u0130stanbul&#8217;un en g\u00fczel manzaras\u0131nda ak\u015fam yeme\u011fi&#8221; font_container=&#8221;tag:h2|font_size:23|text_align:left&#8221; use_theme_fonts=&#8221;yes&#8221;][vc_column_text css=&#8221;&#8221;]B\u00fct\u00e7enizi a\u015fmayacak harika manzaral\u0131 bir restoran istiyorsan\u0131z. Olive Anatolian Restaurant\u2019\u0131 \u00f6neririz. 180 derece g\u00f6r\u00fc\u015f a\u00e7\u0131s\u0131yla Ayasofya, G\u00fclhane Park\u0131, Galata Kulesi ve Bo\u011faz manzaras\u0131n\u0131 sizlere sunuyor. Restoranlar hakk\u0131nda daha fazla bilgi i\u00e7in\u00a0<a href=\"mailto:info@oliverestaurant.net\">info@oliverestaurant.net<\/a>\u00a0adresine E-Posta g\u00f6nderin.[\/vc_column_text][\/vc_column][\/vc_row]<\/p>\n<\/div>","protected":false},"excerpt":{"rendered":"<p>[vc_row equal_height=&#8221;yes&#8221; css=&#8221;.vc_custom_1611667107454{background-color: #f7f7f7 !important;}&#8221;][vc_column width=&#8221;1\/2&#8243; css=&#8221;.vc_custom_1611667164524{padding-top: 115px !important;padding-right: 40px !important;padding-bottom: 80px !important;padding-left: 40px !important;}&#8221;][vc_custom_heading text=&#8221;1) M\u0131s\u0131r \u00c7ar\u015f\u0131s\u0131\u2019n\u0131 ziyaret edin&#8221; font_container=&#8221;tag:h2|font_size:23|text_align:left&#8221; use_theme_fonts=&#8221;yes&#8221;][vc_column_text]Kapal\u0131\u00e7ar\u015f\u0131&#8217;ndan sonra ikinci en b\u00fcy\u00fck pazard\u0131r. Her t\u00fcrl\u00fc, baharat, f\u0131nd\u0131k, kurutulmu\u015f meyve, T\u00fcrk Kahvesi, yaprakl\u0131 \u00e7ay ve hatta T\u00fcrk lokumunu alabilece\u011finiz M\u0131s\u0131r \u00e7ar\u015f\u0131s\u0131, otelimize yakla\u015f\u0131k 500 metre uzakl\u0131ktad\u0131r.[\/vc_column_text][\/vc_column][vc_column width=&#8221;1\/2&#8243; css=&#8221;.vc_custom_1611667552827{background-image: url(http:\/\/www.romanceistanbulhotel.com\/wp-content\/uploads\/2021\/01\/Spice-Bazaar.jpg?id=867) !important;background-position: center !important;background-repeat: no-repeat !important;background-size: cover !important;}&#8221;][\/vc_column][\/vc_row][vc_row equal_height=&#8221;yes&#8221; css=&#8221;.vc_custom_1611667107454{background-color: #f7f7f7 !important;}&#8221;][vc_column width=&#8221;1\/2&#8243; css=&#8221;.vc_custom_1611667580761{background-image: url(http:\/\/www.romanceistanbulhotel.com\/wp-content\/uploads\/2021\/01\/dervish-show.jpg?id=868) !important;background-position: center !important;background-repeat: no-repeat !important;background-size: cover !important;}&#8221;][\/vc_column][vc_column width=&#8221;1\/2&#8243; css=&#8221;.vc_custom_1611667191337{padding-top: 115px !important;padding-right: 40px !important;padding-bottom: 80px !important;padding-left: 40px !important;background-position: center !important;background-repeat: no-repeat !important;background-size: cover !important;}&#8221;][vc_custom_heading text=&#8221;(2)Semazen G\u00f6sterisini izlemeye gidin&#8221; font_container=&#8221;tag:h2|font_size:23|text_align:left&#8221; use_theme_fonts=&#8221;yes&#8221;][vc_column_text]T\u00fcrkiye, Tasavvuf D\u00f6nemi Dervi\u015f Mevlevihanesi&#8217;ne ev [&hellip;]<\/p>\n","protected":false},"author":1,"featured_media":0,"parent":0,"menu_order":0,"comment_status":"closed","ping_status":"closed","template":"","meta":{"footnotes":""},"class_list":["post-8463","page","type-page","status-publish","hentry"],"_links":{"self":[{"href":"https:\/\/hotelyasmaksultan.com\/tr\/wp-json\/wp\/v2\/pages\/8463","targetHints":{"allow":["GET"]}}],"collection":[{"href":"https:\/\/hotelyasmaksultan.com\/tr\/wp-json\/wp\/v2\/pages"}],"about":[{"href":"https:\/\/hotelyasmaksultan.com\/tr\/wp-json\/wp\/v2\/types\/page"}],"author":[{"embeddable":true,"href":"https:\/\/hotelyasmaksultan.com\/tr\/wp-json\/wp\/v2\/users\/1"}],"replies":[{"embeddable":true,"href":"https:\/\/hotelyasmaksultan.com\/tr\/wp-json\/wp\/v2\/comments?post=8463"}],"version-history":[{"count":5,"href":"https:\/\/hotelyasmaksultan.com\/tr\/wp-json\/wp\/v2\/pages\/8463\/revisions"}],"predecessor-version":[{"id":11154,"href":"https:\/\/hotelyasmaksultan.com\/tr\/wp-json\/wp\/v2\/pages\/8463\/revisions\/11154"}],"wp:attachment":[{"href":"https:\/\/hotelyasmaksultan.com\/tr\/wp-json\/wp\/v2\/media?parent=8463"}],"curies":[{"name":"wp","href":"https:\/\/api.w.org\/{rel}","templated":true}]}}