{"id":8465,"date":"2021-01-26T16:17:32","date_gmt":"2021-01-26T13:17:32","guid":{"rendered":"https:\/\/hotelyasmaksultan.com\/about-old-city\/"},"modified":"2021-09-28T21:55:18","modified_gmt":"2021-09-28T18:55:18","slug":"tarihi-yarimada","status":"publish","type":"page","link":"https:\/\/hotelyasmaksultan.com\/tr\/tarihi-yarimada\/","title":{"rendered":"Tarihi Yar\u0131mada"},"content":{"rendered":"<div class=\"wpb-content-wrapper\"><p>[vc_row equal_height=&#8221;yes&#8221; css=&#8221;.vc_custom_1611667107454{background-color: #f7f7f7 !important;}&#8221;][vc_column width=&#8221;1\/2&#8243; css=&#8221;.vc_custom_1611667164524{padding-top: 115px !important;padding-right: 40px !important;padding-bottom: 80px !important;padding-left: 40px !important;}&#8221;][vc_column_text]Tarihi Yar\u0131mada (Eski \u0130stanbul, Suri\u00e7i, ve &#8220;Yeditepe \u015eehir&#8221;olarak da bilinir) \u0130stanbul\u2019un tarihi mekanlar\u0131n\u0131n \u00e7o\u011funun konumland\u0131\u011f\u0131 bir b\u00f6lgedir. Otelimiz Tarihi Yar\u0131mada\u2019n\u0131n tam ortas\u0131nda yer almaktad\u0131r.<\/p>\n<p>[\/vc_column_text][\/vc_column][vc_column width=&#8221;1\/2&#8243; css=&#8221;.vc_custom_1611667124529{background-image: url(http:\/\/www.romanceistanbulhotel.com\/wp-content\/uploads\/2021\/01\/1-1.jpg?id=850) !important;background-position: center !important;background-repeat: no-repeat !important;background-size: cover !important;}&#8221;][\/vc_column][\/vc_row][vc_row equal_height=&#8221;yes&#8221; css=&#8221;.vc_custom_1611667107454{background-color: #f7f7f7 !important;}&#8221;][vc_column width=&#8221;1\/2&#8243; css=&#8221;.vc_custom_1611667231113{background-image: url(http:\/\/www.romanceistanbulhotel.com\/wp-content\/uploads\/2021\/01\/2-1.jpg?id=857) !important;background-position: center !important;background-repeat: no-repeat !important;background-size: cover !important;}&#8221;][\/vc_column][vc_column width=&#8221;1\/2&#8243; css=&#8221;.vc_custom_1611667191337{padding-top: 115px !important;padding-right: 40px !important;padding-bottom: 80px !important;padding-left: 40px !important;background-position: center !important;background-repeat: no-repeat !important;background-size: cover !important;}&#8221;][vc_column_text]Bo\u011faz&#8217;\u0131n kar\u015f\u0131s\u0131ndan g\u00f6r\u00fcnen Topkap\u0131 Saray\u0131, kuzey, do\u011fu ve g\u00fcney (s\u0131ras\u0131yla Hali\u00e7, Bo\u011fazi\u00e7i ve Marmara Denizi)yar\u0131mada ile eski kent surlar\u0131ndan bat\u0131ya do\u011fru uzanmaktad\u0131r. Esasen Konstantinopolis olarak adland\u0131r\u0131lan \u015eehrin bu b\u00f6l\u00fcm\u00fc, ba\u011f\u0131ms\u0131z \u015fehirler, kasabalar, k\u00f6yler, tarlalar ve hatta kentin b\u00fct\u00fcn vah\u015fi do\u011fas\u0131n\u0131n par\u00e7as\u0131 olan g\u00fcn\u00fcm\u00fcz \u0130stanbul\u2019udur. \u0130stanbul h\u0131zla b\u00fcy\u00fcrken bu s\u00fcre\u00e7 de devam ediyor.[\/vc_column_text][\/vc_column][\/vc_row][vc_row equal_height=&#8221;yes&#8221; css=&#8221;.vc_custom_1611667107454{background-color: #f7f7f7 !important;}&#8221;][vc_column width=&#8221;1\/2&#8243; css=&#8221;.vc_custom_1611667164524{padding-top: 115px !important;padding-right: 40px !important;padding-bottom: 80px !important;padding-left: 40px !important;}&#8221;][vc_column_text]Bizans olarak adland\u0131r\u0131lan \u0130stanbul M.\u00d6. 667&#8217;de Yunan anakaradaki Megara&#8217;l\u0131 Yunan s\u00f6m\u00fcrgecileri taraf\u0131ndan fethedilmi\u015fti. \u015eehrin Topkap\u0131 Saray\u0131 taraf\u0131ndan i\u015fgal edilen Seraglio Point (Sarayburnu) &#8216;da kurdu.[\/vc_column_text][\/vc_column][vc_column width=&#8221;1\/2&#8243; css=&#8221;.vc_custom_1611667313418{background-image: url(http:\/\/www.romanceistanbulhotel.com\/wp-content\/uploads\/2021\/01\/3-1.jpg?id=861) !important;background-position: center !important;background-repeat: no-repeat !important;background-size: cover !important;}&#8221;][\/vc_column][\/vc_row][vc_row equal_height=&#8221;yes&#8221; css=&#8221;.vc_custom_1611667107454{background-color: #f7f7f7 !important;}&#8221;][vc_column width=&#8221;1\/2&#8243; css=&#8221;.vc_custom_1611667361838{background-image: url(http:\/\/www.romanceistanbulhotel.com\/wp-content\/uploads\/2021\/01\/4-1.jpg?id=864) !important;background-position: center !important;background-repeat: no-repeat !important;background-size: cover !important;}&#8221;][\/vc_column][vc_column width=&#8221;1\/2&#8243; css=&#8221;.vc_custom_1611667191337{padding-top: 115px !important;padding-right: 40px !important;padding-bottom: 80px !important;padding-left: 40px !important;background-position: center !important;background-repeat: no-repeat !important;background-size: cover !important;}&#8221;][vc_column_text]Bizans olarak adland\u0131r\u0131lan \u0130stanbul M.\u00d6. 667&#8217;de Yunan anakaradaki Megara&#8217;l\u0131 Yunan s\u00f6m\u00fcrgecileri taraf\u0131ndan fethedilmi\u015fti. \u015eehrin Topkap\u0131 Saray\u0131 taraf\u0131ndan i\u015fgal edilen Seraglio Point (Sarayburnu) &#8216;da kurdu.[\/vc_column_text][\/vc_column][\/vc_row]<\/p>\n<\/div>","protected":false},"excerpt":{"rendered":"<p>[vc_row equal_height=&#8221;yes&#8221; css=&#8221;.vc_custom_1611667107454{background-color: #f7f7f7 !important;}&#8221;][vc_column width=&#8221;1\/2&#8243; css=&#8221;.vc_custom_1611667164524{padding-top: 115px !important;padding-right: 40px !important;padding-bottom: 80px !important;padding-left: 40px !important;}&#8221;][vc_column_text]Tarihi Yar\u0131mada (Eski \u0130stanbul, Suri\u00e7i, ve &#8220;Yeditepe \u015eehir&#8221;olarak da bilinir) \u0130stanbul\u2019un tarihi mekanlar\u0131n\u0131n \u00e7o\u011funun konumland\u0131\u011f\u0131 bir b\u00f6lgedir. Otelimiz Tarihi Yar\u0131mada\u2019n\u0131n tam ortas\u0131nda yer almaktad\u0131r. [\/vc_column_text][\/vc_column][vc_column width=&#8221;1\/2&#8243; css=&#8221;.vc_custom_1611667124529{background-image: url(http:\/\/www.romanceistanbulhotel.com\/wp-content\/uploads\/2021\/01\/1-1.jpg?id=850) !important;background-position: center !important;background-repeat: no-repeat !important;background-size: cover !important;}&#8221;][\/vc_column][\/vc_row][vc_row equal_height=&#8221;yes&#8221; css=&#8221;.vc_custom_1611667107454{background-color: #f7f7f7 !important;}&#8221;][vc_column width=&#8221;1\/2&#8243; css=&#8221;.vc_custom_1611667231113{background-image: url(http:\/\/www.romanceistanbulhotel.com\/wp-content\/uploads\/2021\/01\/2-1.jpg?id=857) !important;background-position: center !important;background-repeat: no-repeat !important;background-size: cover !important;}&#8221;][\/vc_column][vc_column width=&#8221;1\/2&#8243; css=&#8221;.vc_custom_1611667191337{padding-top: 115px !important;padding-right: 40px !important;padding-bottom: 80px !important;padding-left: 40px !important;background-position: center !important;background-repeat: no-repeat !important;background-size: cover !important;}&#8221;][vc_column_text]Bo\u011faz&#8217;\u0131n kar\u015f\u0131s\u0131ndan g\u00f6r\u00fcnen Topkap\u0131 Saray\u0131, kuzey, do\u011fu ve g\u00fcney (s\u0131ras\u0131yla Hali\u00e7, Bo\u011fazi\u00e7i ve Marmara Denizi)yar\u0131mada ile eski kent surlar\u0131ndan bat\u0131ya do\u011fru uzanmaktad\u0131r. [&hellip;]<\/p>\n","protected":false},"author":1,"featured_media":0,"parent":0,"menu_order":0,"comment_status":"closed","ping_status":"closed","template":"","meta":{"footnotes":""},"class_list":["post-8465","page","type-page","status-publish","hentry"],"_links":{"self":[{"href":"https:\/\/hotelyasmaksultan.com\/tr\/wp-json\/wp\/v2\/pages\/8465","targetHints":{"allow":["GET"]}}],"collection":[{"href":"https:\/\/hotelyasmaksultan.com\/tr\/wp-json\/wp\/v2\/pages"}],"about":[{"href":"https:\/\/hotelyasmaksultan.com\/tr\/wp-json\/wp\/v2\/types\/page"}],"author":[{"embeddable":true,"href":"https:\/\/hotelyasmaksultan.com\/tr\/wp-json\/wp\/v2\/users\/1"}],"replies":[{"embeddable":true,"href":"https:\/\/hotelyasmaksultan.com\/tr\/wp-json\/wp\/v2\/comments?post=8465"}],"version-history":[{"count":3,"href":"https:\/\/hotelyasmaksultan.com\/tr\/wp-json\/wp\/v2\/pages\/8465\/revisions"}],"predecessor-version":[{"id":9009,"href":"https:\/\/hotelyasmaksultan.com\/tr\/wp-json\/wp\/v2\/pages\/8465\/revisions\/9009"}],"wp:attachment":[{"href":"https:\/\/hotelyasmaksultan.com\/tr\/wp-json\/wp\/v2\/media?parent=8465"}],"curies":[{"name":"wp","href":"https:\/\/api.w.org\/{rel}","templated":true}]}}