{"id":8472,"date":"2021-01-26T14:15:37","date_gmt":"2021-01-26T11:15:37","guid":{"rendered":"https:\/\/hotelyasmaksultan.com\/frequently-asked-questions\/"},"modified":"2021-09-28T22:43:07","modified_gmt":"2021-09-28T19:43:07","slug":"sik-sorulan-sorular","status":"publish","type":"page","link":"https:\/\/hotelyasmaksultan.com\/tr\/sik-sorulan-sorular\/","title":{"rendered":"S\u0131k Sorulan Sorular"},"content":{"rendered":"<div class=\"wpb-content-wrapper\"><p>[vc_row full_width=&#8221;stretch_row&#8221; gap=&#8221;35&#8243; css=&#8221;.vc_custom_1611659842599{padding-top: 40px !important;padding-bottom: 40px !important;background-color: #f7f7f7 !important;}&#8221;][vc_column width=&#8221;1\/2&#8243; css=&#8221;.vc_custom_1611659863066{border-right-width: 1px !important;padding-right: 30px !important;border-right-color: #e0e0e0 !important;border-right-style: solid !important;}&#8221;][vc_custom_heading text=&#8221;S. Romance \u0130stanbul Hotel nerede?&#8221; font_container=&#8221;tag:h2|font_size:25|text_align:left&#8221; use_theme_fonts=&#8221;yes&#8221;][vc_column_text]<b>C.<\/b>Otelimiz Sultanahmet ve Sirkeci aras\u0131nda G\u00fclhane b\u00f6lgesinde bulunmaktad\u0131r. Gulhane Tramvay \u0130stasyonu&#8217;na sadece 1 blok \u00f6tedeyiz ve Sirkeci Marmaray Tren \u0130stasyonu&#8217;na 200 metre uzakl\u0131ktay\u0131z.<\/p>\n<p>Google Haritalar&#8217;daki yerimizi kontrol edebilirsiniz.<a href=\"https:\/\/goo.gl\/maps\/DZmGMVhEqT7k4Dka8\" target=\"_blank\" rel=\"noopener\">\u00a0Google Harita<\/a><br \/>\n<b>Adres:\u00a0<\/b>Mehmet Murat Sok. No:4, 34110 Sirkeci Istanbul \/ Turkey[\/vc_column_text][\/vc_column][vc_column width=&#8221;1\/2&#8243;][vc_custom_heading text=&#8221;S. \u0130stanbul&#8217;daki etkinlikler hakk\u0131nda nas\u0131l bilgi alabilirim?&#8221; font_container=&#8221;tag:h2|font_size:25|text_align:left&#8221; use_theme_fonts=&#8221;yes&#8221;][vc_column_text]<b>C. <\/b>Misafir ili\u015fkileri departman\u0131m\u0131z ile ileti\u015fime ge\u00e7ebilirsiniz:<br \/>\n<a href=\"mailto:guestrelations@hotelyasmaksultan.com\">guestrelations@hotelyasmaksultan.com<\/a>[\/vc_column_text][\/vc_column][\/vc_row][vc_row full_width=&#8221;stretch_row&#8221; gap=&#8221;35&#8243; css=&#8221;.vc_custom_1611659888223{padding-top: 40px !important;padding-bottom: 40px !important;background-color: #ffffff !important;}&#8221;][vc_column width=&#8221;1\/2&#8243; css=&#8221;.vc_custom_1611659896605{border-right-width: 1px !important;padding-right: 30px !important;border-right-color: #f7f7f7 !important;border-right-style: solid !important;}&#8221;][vc_custom_heading text=&#8221;S. Saat Ka\u00e7ta giri\u015f yapabilirim ve ne zaman \u00e7\u0131k\u0131\u015f yapmak zorunday\u0131m?&#8221; font_container=&#8221;tag:h2|font_size:25|text_align:left&#8221; use_theme_fonts=&#8221;yes&#8221;][vc_column_text]<b>C.<\/b>En erken giri\u015f zaman\u0131 13:00&#8217;d\u0131r. Bahsetti\u011fimiz saatten \u00f6nce misafirlerimiz i\u00e7in uygun odalar varsa, resepsiyon personelimiz size her zaman yard\u0131mc\u0131 olacakt\u0131r. En son \u00e7\u0131k\u0131\u015f saati 12:00&#8217;d\u0131r. Ge\u00e7 \u00e7\u0131k\u0131\u015f uygulamalar\u0131 i\u00e7in l\u00fctfen resepsiyon ile ileti\u015fime ge\u00e7iniz.[\/vc_column_text][\/vc_column][vc_column width=&#8221;1\/2&#8243;][vc_custom_heading text=&#8221;S. Hangi T\u00fcr Yatak Se\u00e7enekleri Var?&#8221; font_container=&#8221;tag:h2|font_size:25|text_align:left&#8221; use_theme_fonts=&#8221;yes&#8221;][vc_column_text]<strong>C.<\/strong>Deluxe tek ki\u015filik odalarda \u00e7ift ki\u015filik yataklar, Deluxe \u00e7ift ki\u015filik odalarda \u00e7ift ki\u015filik veya ikiz yataklar, \u00e7ift ki\u015filik veya iki ayr\u0131 yatakl\u0131 kanepeli, \u00e7ekyatl\u0131 Deluxe \u00e7ift ki\u015filik odalar bulunmaktad\u0131r. Misafirlerimizin varmadan \u00f6nce iste\u011fine ba\u011fl\u0131 olarak, odadaki yatak tiplerini ayarlayabiliriz.[\/vc_column_text][\/vc_column][\/vc_row][vc_row full_width=&#8221;stretch_row&#8221; gap=&#8221;35&#8243; css=&#8221;.vc_custom_1611659842599{padding-top: 40px !important;padding-bottom: 40px !important;background-color: #f7f7f7 !important;}&#8221;][vc_column width=&#8221;1\/2&#8243; css=&#8221;.vc_custom_1611659863066{border-right-width: 1px !important;padding-right: 30px !important;border-right-color: #e0e0e0 !important;border-right-style: solid !important;}&#8221;][vc_custom_heading text=&#8221;S. Otelde g\u00fcvenlik kasalar\u0131 var m\u0131?&#8221; font_container=&#8221;tag:h2|font_size:25|text_align:left&#8221; use_theme_fonts=&#8221;yes&#8221;][vc_column_text]<b>C.<\/b>Evet, odalarda g\u00fcvenlik kasalar var. Ayr\u0131ca, varmadan \u00f6nce veya \u00e7\u0131k\u0131\u015f yap\u0131ld\u0131ktan sonra bagaj\u0131n\u0131z\u0131 depomuzda b\u0131rakabilirsiniz.[\/vc_column_text][\/vc_column][vc_column width=&#8221;1\/2&#8243;][vc_custom_heading text=&#8221;S. Havaliman\u0131 i\u00e7in bir servis var m\u0131?&#8221; font_container=&#8221;tag:h2|font_size:25|text_align:left&#8221; use_theme_fonts=&#8221;yes&#8221;][vc_column_text]<b>C.<\/b>Evet, \u00f6zel arac\u0131m\u0131zla ve toplu ula\u015f\u0131m hizmetlerimiz vard\u0131r. Daha fazla bilgi i\u00e7in rezervasyon ofisi ile ileti\u015fime ge\u00e7ebilir veya E-Posta g\u00f6nderebilirsiniz:<br \/>\n<a href=\"mailto:info@romanceistanbulhotel.com\">info@romanceistanbulhotel.com<\/a>[\/vc_column_text][\/vc_column][\/vc_row][vc_row full_width=&#8221;stretch_row&#8221; gap=&#8221;35&#8243; css=&#8221;.vc_custom_1611659888223{padding-top: 40px !important;padding-bottom: 40px !important;background-color: #ffffff !important;}&#8221;][vc_column width=&#8221;1\/2&#8243; css=&#8221;.vc_custom_1611659896605{border-right-width: 1px !important;padding-right: 30px !important;border-right-color: #f7f7f7 !important;border-right-style: solid !important;}&#8221;][vc_custom_heading text=&#8221;S.Nas\u0131l rezervasyon yapabilirim?&#8221; font_container=&#8221;tag:h2|font_size:25|text_align:left&#8221; use_theme_fonts=&#8221;yes&#8221;][vc_column_text]<strong>C<\/strong><b>.<\/b>Rezervasyonunuzu<a href=\"https:\/\/www.romanceistanbulhotel.com\/\" target=\"_blank\" rel=\"noopener\">\u00a0g\u00fcvenli web sayfam\u0131z\u0131 kullanarak yapabilirsiniz,<\/a>,<br \/>\nya da <a href=\"mailto:info@romanceistanbulhotel.com\">info@romanceistanbulhotel.com<\/a>\u00a0adresine e-posta g\u00f6nderebilir veya telefon ile rezervasyon yapabilirsiniz.[\/vc_column_text][\/vc_column][vc_column width=&#8221;1\/2&#8243;][vc_custom_heading text=&#8221;S. Rezervasyonu nas\u0131l de\u011fi\u015ftirebilir veya iptal edebilirim?&#8221; font_container=&#8221;tag:h2|font_size:25|text_align:left&#8221; use_theme_fonts=&#8221;yes&#8221;][vc_column_text]<strong>C.<\/strong>L\u00fctfen bize bir e-posta g\u00f6nderin veya bizi aray\u0131n.[\/vc_column_text][\/vc_column][\/vc_row][vc_row full_width=&#8221;stretch_row&#8221; gap=&#8221;35&#8243; css=&#8221;.vc_custom_1611659842599{padding-top: 40px !important;padding-bottom: 40px !important;background-color: #f7f7f7 !important;}&#8221;][vc_column width=&#8221;1\/2&#8243; css=&#8221;.vc_custom_1611659863066{border-right-width: 1px !important;padding-right: 30px !important;border-right-color: #e0e0e0 !important;border-right-style: solid !important;}&#8221;][vc_custom_heading text=&#8221;S. Rezervasyon yapmak i\u00e7in neden kredi kart\u0131m\u0131 kullanmam gerekiyor?&#8221; font_container=&#8221;tag:h2|font_size:25|text_align:left&#8221; use_theme_fonts=&#8221;yes&#8221;][vc_column_text]<b>C.<\/b>Rezervasyonunuzun garantisi i\u00e7in kredi kart\u0131 bilgilerinize ihtiyac\u0131m\u0131z vard\u0131r. Rezervasyonunuzu iptal s\u00fcresi i\u00e7inde iptal etmedi\u011finiz s\u00fcrece kredi kart\u0131n\u0131zdan \u00f6deme al\u0131nmayacakt\u0131r.[\/vc_column_text][\/vc_column][vc_column width=&#8221;1\/2&#8243;][vc_custom_heading text=&#8221;S. \u0130stanbul hangi saat dilimindedir?&#8221; font_container=&#8221;tag:h2|font_size:25|text_align:left&#8221; use_theme_fonts=&#8221;yes&#8221;][vc_column_text]<b>C.<\/b>\u0130stanbul, Greenwich Ortalama Saati&#8217;nden (GMT) 3 saat \u00f6ndedir.[\/vc_column_text][\/vc_column][\/vc_row][vc_row full_width=&#8221;stretch_row&#8221; gap=&#8221;35&#8243; css=&#8221;.vc_custom_1611659888223{padding-top: 40px !important;padding-bottom: 40px !important;background-color: #ffffff !important;}&#8221;][vc_column width=&#8221;1\/2&#8243; css=&#8221;.vc_custom_1611659896605{border-right-width: 1px !important;padding-right: 30px !important;border-right-color: #f7f7f7 !important;border-right-style: solid !important;}&#8221;][vc_custom_heading text=&#8221;S. \u0130stanbul&#8217;daki hava ko\u015fullar\u0131 nas\u0131ld\u0131r ?&#8221; font_container=&#8221;tag:h2|font_size:25|text_align:left&#8221; use_theme_fonts=&#8221;yes&#8221;][vc_column_text]<b>C.<\/b>Konumu itibari ile \u0130stanbul mevsimlik ve de\u011fi\u015fken bir iklime sahiptir. S\u0131cakl\u0131klar, Karadeniz&#8217;den gelen so\u011fuk r\u00fczgarlar ile Aral\u0131k ve Ocak aylar\u0131nda artar,s\u0131cakl\u0131k en so\u011fuk aylarda ortalama 4\u00baC ila 11\u00baC (39 ila 53\u00baF) aras\u0131nda olabilir. Temmuz ve A\u011fustos aylar\u0131nda &#8211; en s\u0131cak aylarda &#8211; s\u0131cakl\u0131klar 20\u00baC ila 29\u00baC&#8217;ye y\u00fckselebilir (69-85\u00baF). Mevcut hava \u015fartlar\u0131 i\u00e7in hava sayfam\u0131z\u0131 ziyaret edebilirsiniz: hotelyasmaksultan.com\/weather.[\/vc_column_text][\/vc_column][vc_column width=&#8221;1\/2&#8243;][vc_custom_heading text=&#8221;S. T\u00fcrkiye&#8217;nin resmi dili nedir?&#8221; font_container=&#8221;tag:h2|font_size:25|text_align:left&#8221; use_theme_fonts=&#8221;yes&#8221;][vc_column_text]<b>C.<\/b>T\u00fcrkiye resmi dili T\u00fcrk\u00e7e&#8217;dir, ancak turistik yerlerde \u0130ngilizce ve bazen de Almanca konu\u015fulmaktad\u0131r. \u0130ngilizce kentte ikinci bir dil haline geliyor ve gen\u00e7ler aras\u0131nda kullan\u0131m\u0131 artmaktad\u0131r.[\/vc_column_text][\/vc_column][\/vc_row][vc_row full_width=&#8221;stretch_row&#8221; gap=&#8221;35&#8243; css=&#8221;.vc_custom_1611659842599{padding-top: 40px !important;padding-bottom: 40px !important;background-color: #f7f7f7 !important;}&#8221;][vc_column width=&#8221;1\/2&#8243; css=&#8221;.vc_custom_1611659863066{border-right-width: 1px !important;padding-right: 30px !important;border-right-color: #e0e0e0 !important;border-right-style: solid !important;}&#8221;][vc_custom_heading text=&#8221;S. T\u00fcrk Para birimi nedir ve nas\u0131l d\u00f6viz yapabilirim?&#8221; font_container=&#8221;tag:h2|font_size:25|text_align:left&#8221; use_theme_fonts=&#8221;yes&#8221;][vc_column_text]<b>C.<\/b>T\u00fcrkiye resmi para birimi T\u00fcrk Liras\u0131&#8217;d\u0131r (TL). Belirli kredi kartlar\u0131 \u0130stanbul&#8217;da yayg\u0131n olarak kabul edilmektedir &#8211; ancak \u00e7ekler nadiren kabul edilmektedir. Yerel para biriminden nakit sa\u011flayan ATM&#8217;ler \u0130stanbul genelinde yayg\u0131n bir olarak bulunmaktad\u0131r ve \u00e7o\u011funun dil se\u00e7enekleri vard\u0131r, bu nedenle talimatlar\u0131 izleyebilirsiniz. Otelimizin \u00e7evresinde bir\u00e7ok D\u00f6viz b\u00fcrosu vard\u0131r; bu d\u00f6viz burolar\u0131nda komisyon \u00fccreti \u00f6demeden paran\u0131z\u0131 d\u00f6vize \u00e7evirebilirsiniz.[\/vc_column_text][\/vc_column][vc_column width=&#8221;1\/2&#8243;][vc_custom_heading text=&#8221;S. \u0130stanbul&#8217;da hasta olursam ne olur?&#8221; font_container=&#8221;tag:h2|font_size:25|text_align:left&#8221; use_theme_fonts=&#8221;yes&#8221;][vc_column_text]<b>C.<\/b>\u0130stanbul&#8217;a seyahat ederken (endemik bir alandan gelmedi\u011finiz s\u00fcrece) \u00f6zel a\u015f\u0131lara gerek yoktur. Ancak, seyahat sigortas\u0131 yapt\u0131rman\u0131z\u0131 \u00f6neririz &#8211; \u00e7\u00fcnk\u00fc T\u00fcrkiye, di\u011fer \u00fclkelerle kar\u015f\u0131l\u0131kl\u0131 sa\u011fl\u0131k d\u00fczenlemeleri bulunmamaktad\u0131r. Sa\u011fl\u0131k sistemi \u00e7ok geli\u015fmi\u015ftir. \u0130stanbul&#8217;da devlet ve \u00f6zel hastaneleri bak\u0131m\u0131ndan bir \u00e7ok \u015fe\u00e7ene\u011fe sahiptir. T\u00fcrkiye, ABD merkezli Joint Commission taraf\u0131ndan bildirildi\u011fi \u00fczere d\u00fcnyan\u0131n herhangi bir ba\u015fka \u00fclkesinden daha fazla hastaneye sahiptir.[\/vc_column_text][\/vc_column][\/vc_row][vc_row full_width=&#8221;stretch_row&#8221; gap=&#8221;35&#8243; css=&#8221;.vc_custom_1611659888223{padding-top: 40px !important;padding-bottom: 40px !important;background-color: #ffffff !important;}&#8221;][vc_column width=&#8221;1\/2&#8243; css=&#8221;.vc_custom_1611659896605{border-right-width: 1px !important;padding-right: 30px !important;border-right-color: #f7f7f7 !important;border-right-style: solid !important;}&#8221;][vc_custom_heading text=&#8221;S. Uluslararas\u0131 s\u00fcr\u00fcc\u00fc belgesi ile bir araba kiralayabilir miyim?&#8221; font_container=&#8221;tag:h2|font_size:25|text_align:left&#8221; use_theme_fonts=&#8221;yes&#8221;][vc_column_text]<b>C.<\/b>Uluslararas\u0131 bir ehliyete otomobil kiralayabilirsiniz, ancak araba kullanmak farkl\u0131 olabilir ve yollarda trafik olabilir. Alternatif bir se\u00e7enek olarak \u015fof\u00f6r\u00fc bir araba kiralamakt\u0131r. Ayr\u0131ca, taksilerin yayg\u0131n olarak kullan\u0131ld\u0131\u011f\u0131n\u0131g\u00f6receksiniz.Otelimizde \u015fof\u00f6rl\u00fc bir araba kiralayabilirsiniz. Ayr\u0131nt\u0131l\u0131 bilgi i\u00e7in l\u00fctfen misafir ili\u015fkileri departman\u0131m\u0131zla ileti\u015fime[\/vc_column_text][\/vc_column][vc_column width=&#8221;1\/2&#8243;][vc_custom_heading text=&#8221;S. Elektrik kullan\u0131m\u0131 nas\u0131l?&#8221; font_container=&#8221;tag:h2|font_size:25|text_align:left&#8221; use_theme_fonts=&#8221;yes&#8221;][vc_column_text]<b>C.<\/b>T\u00fcrkiye genel olarak duvar prizleri \/ Avrupa tarz\u0131na uyumlu yuvarlak pronglu fi\u015flerle 220 volt, 50 Hz&#8217;de \u00e7al\u0131\u015f\u0131r. Daha fazla bilgi i\u00e7in l\u00fctfen konsiyerjimize ba\u015fvurun:\u00a0<a href=\"mailto:guestrelations@romanceistanbulhotel.com\">guestrelations@romanceistanbulhotel.com<\/a>[\/vc_column_text][\/vc_column][\/vc_row]<\/p>\n<\/div>","protected":false},"excerpt":{"rendered":"<p>[vc_row full_width=&#8221;stretch_row&#8221; gap=&#8221;35&#8243; css=&#8221;.vc_custom_1611659842599{padding-top: 40px !important;padding-bottom: 40px !important;background-color: #f7f7f7 !important;}&#8221;][vc_column width=&#8221;1\/2&#8243; css=&#8221;.vc_custom_1611659863066{border-right-width: 1px !important;padding-right: 30px !important;border-right-color: #e0e0e0 !important;border-right-style: solid !important;}&#8221;][vc_custom_heading text=&#8221;S. Romance \u0130stanbul Hotel nerede?&#8221; font_container=&#8221;tag:h2|font_size:25|text_align:left&#8221; use_theme_fonts=&#8221;yes&#8221;][vc_column_text]C.Otelimiz Sultanahmet ve Sirkeci aras\u0131nda G\u00fclhane b\u00f6lgesinde bulunmaktad\u0131r. Gulhane Tramvay \u0130stasyonu&#8217;na sadece 1 blok \u00f6tedeyiz ve Sirkeci Marmaray Tren \u0130stasyonu&#8217;na 200 metre uzakl\u0131ktay\u0131z. Google Haritalar&#8217;daki yerimizi kontrol edebilirsiniz.\u00a0Google Harita Adres:\u00a0Mehmet Murat Sok. No:4, 34110 Sirkeci Istanbul \/ Turkey[\/vc_column_text][\/vc_column][vc_column width=&#8221;1\/2&#8243;][vc_custom_heading text=&#8221;S. \u0130stanbul&#8217;daki etkinlikler hakk\u0131nda nas\u0131l bilgi alabilirim?&#8221; font_container=&#8221;tag:h2|font_size:25|text_align:left&#8221; use_theme_fonts=&#8221;yes&#8221;][vc_column_text]C. Misafir ili\u015fkileri departman\u0131m\u0131z ile ileti\u015fime ge\u00e7ebilirsiniz: guestrelations@hotelyasmaksultan.com[\/vc_column_text][\/vc_column][\/vc_row][vc_row full_width=&#8221;stretch_row&#8221; gap=&#8221;35&#8243; css=&#8221;.vc_custom_1611659888223{padding-top: 40px !important;padding-bottom: 40px !important;background-color: #ffffff !important;}&#8221;][vc_column width=&#8221;1\/2&#8243; css=&#8221;.vc_custom_1611659896605{border-right-width: 1px !important;padding-right: 30px !important;border-right-color: #f7f7f7 !important;border-right-style: solid !important;}&#8221;][vc_custom_heading [&hellip;]<\/p>\n","protected":false},"author":1,"featured_media":0,"parent":0,"menu_order":0,"comment_status":"closed","ping_status":"closed","template":"","meta":{"footnotes":""},"class_list":["post-8472","page","type-page","status-publish","hentry"],"_links":{"self":[{"href":"https:\/\/hotelyasmaksultan.com\/tr\/wp-json\/wp\/v2\/pages\/8472","targetHints":{"allow":["GET"]}}],"collection":[{"href":"https:\/\/hotelyasmaksultan.com\/tr\/wp-json\/wp\/v2\/pages"}],"about":[{"href":"https:\/\/hotelyasmaksultan.com\/tr\/wp-json\/wp\/v2\/types\/page"}],"author":[{"embeddable":true,"href":"https:\/\/hotelyasmaksultan.com\/tr\/wp-json\/wp\/v2\/users\/1"}],"replies":[{"embeddable":true,"href":"https:\/\/hotelyasmaksultan.com\/tr\/wp-json\/wp\/v2\/comments?post=8472"}],"version-history":[{"count":2,"href":"https:\/\/hotelyasmaksultan.com\/tr\/wp-json\/wp\/v2\/pages\/8472\/revisions"}],"predecessor-version":[{"id":9030,"href":"https:\/\/hotelyasmaksultan.com\/tr\/wp-json\/wp\/v2\/pages\/8472\/revisions\/9030"}],"wp:attachment":[{"href":"https:\/\/hotelyasmaksultan.com\/tr\/wp-json\/wp\/v2\/media?parent=8472"}],"curies":[{"name":"wp","href":"https:\/\/api.w.org\/{rel}","templated":true}]}}