{"id":8476,"date":"2021-01-26T13:36:01","date_gmt":"2021-01-26T10:36:01","guid":{"rendered":"https:\/\/hotelyasmaksultan.com\/airport-transfers\/"},"modified":"2025-10-31T16:18:07","modified_gmt":"2025-10-31T13:18:07","slug":"havaalani-transferi","status":"publish","type":"page","link":"https:\/\/hotelyasmaksultan.com\/tr\/havaalani-transferi\/","title":{"rendered":"Havaalan\u0131 Transferi"},"content":{"rendered":"<div class=\"wpb-content-wrapper\"><p>[vc_row gap=&#8221;35&#8243;][vc_column width=&#8221;1\/2&#8243;][vc_custom_heading text=&#8221;&#8221; font_container=&#8221;tag:h2|font_size:25|text_align:left&#8221; use_theme_fonts=&#8221;yes&#8221; css=&#8221;.vc_custom_1625128540863{margin-bottom: 30px !important;}&#8221;][vc_single_image image=&#8221;8394&#8243; img_size=&#8221;full&#8221;][vc_column_text]<\/p>\n<address>\n<address>\n<address>\n<address>\n<address>\n<address>\n<h2>\u0130stanbul Havaliman\u0131\u2019ndan<\/h2>\n<div>\n<ul>\n<li>69.-\u20ac ( 1 \u2013 4 ki\u015fiye kadar )<\/li>\n<li>79.-\u20ac ( 5 \u2013 6 ki\u015fiye kadar )<\/li>\n<li>119.-\u20ac ( 7 &#8211; 13 ki\u015fiye kadar )<\/li>\n<\/ul>\n<\/div>\n<\/address>\n<address>\n<h2>Sabiha G\u00f6k\u00e7en Havaliman\u0131&#8217;ndan<\/h2>\n<div>\n<ul>\n<li>79.-\u20ac ( 1 \u2013 4 ki\u015fiye kadar )<\/li>\n<li>89.-\u20ac ( 5 \u2013 6 ki\u015fiye kadar )<\/li>\n<li>129.-\u20ac ( 7 &#8211; 13 ki\u015fiye kadar )<\/li>\n<\/ul>\n<\/div>\n<\/address>\n<\/address>\n<\/address>\n<\/address>\n<h2>Rezervasyon \u0130\u00e7in<\/h2>\n<p>U\u00e7u\u015f Bilgilerinizi<\/p>\n<p>U\u00e7u\u015f numaras\u0131<\/p>\n<p>Var\u0131\u015f saati<\/p>\n<p>T\u00fcm yolcu isimleri<\/p>\n<p>Var\u0131\u015f havaliman\u0131<\/p>\n<p>bilgilerini g\u00f6nderiniz.<\/p>\n<\/address>\n<\/address>\n<p>[\/vc_column_text][\/vc_column][vc_column width=&#8221;1\/2&#8243;][vc_custom_heading text=&#8221;Havaalan\u0131 Transferi Formu&#8221; font_container=&#8221;tag:h2|font_size:25|text_align:left&#8221; use_theme_fonts=&#8221;yes&#8221; css=&#8221;.vc_custom_1632855464481{margin-bottom: 30px !important;}&#8221;]\n<div class=\"wpcf7 no-js\" id=\"wpcf7-f7757-o1\" lang=\"en-US\" dir=\"ltr\" data-wpcf7-id=\"7757\">\n<div class=\"screen-reader-response\"><p role=\"status\" aria-live=\"polite\" aria-atomic=\"true\"><\/p> <ul><\/ul><\/div>\n<form action=\"\/tr\/wp-json\/wp\/v2\/pages\/8476#wpcf7-f7757-o1\" method=\"post\" class=\"wpcf7-form init\" aria-label=\"Contact form\" novalidate=\"novalidate\" data-status=\"init\">\n<fieldset class=\"hidden-fields-container\"><input type=\"hidden\" name=\"_wpcf7\" value=\"7757\" \/><input type=\"hidden\" name=\"_wpcf7_version\" value=\"6.1.5\" \/><input type=\"hidden\" name=\"_wpcf7_locale\" value=\"en_US\" \/><input type=\"hidden\" name=\"_wpcf7_unit_tag\" value=\"wpcf7-f7757-o1\" \/><input type=\"hidden\" name=\"_wpcf7_container_post\" value=\"0\" \/><input type=\"hidden\" name=\"_wpcf7_posted_data_hash\" value=\"\" \/><input type=\"hidden\" name=\"_wpcf7dtx_version\" value=\"5.0.5\" \/><input type=\"hidden\" name=\"_wpcf7_recaptcha_response\" value=\"\" \/>\n<\/fieldset>\n<span class=\"wpcf7-form-control-wrap form-name\" data-name=\"form-name\"><input type=\"hidden\" name=\"form-name\" class=\"wpcf7-form-control wpcf7-hidden wpcf7dtx wpcf7dtx-hidden\" aria-invalid=\"false\" value=\"Airport Transfer\"><\/span>\n<span class=\"wpcf7-form-control-wrap cat-name\" data-name=\"cat-name\"><input type=\"hidden\" name=\"cat-name\" class=\"wpcf7-form-control wpcf7-hidden wpcf7dtx wpcf7dtx-hidden\" aria-invalid=\"false\" value=\"Packages\"><\/span>\n<p><span class=\"wpcf7-form-control-wrap\" data-name=\"your-name\"><input size=\"40\" maxlength=\"400\" class=\"wpcf7-form-control wpcf7-text wpcf7-validates-as-required form-control\" aria-required=\"true\" aria-invalid=\"false\" placeholder=\"Name &amp; Surname\" value=\"\" type=\"text\" name=\"your-name\" \/><\/span><br \/>\n<span class=\"wpcf7-form-control-wrap\" data-name=\"your-tel\"><input size=\"40\" maxlength=\"400\" class=\"wpcf7-form-control wpcf7-text wpcf7-validates-as-required form-control\" aria-required=\"true\" aria-invalid=\"false\" placeholder=\"Telephone Number\" value=\"\" type=\"text\" name=\"your-tel\" \/><\/span><br \/>\n<span class=\"wpcf7-form-control-wrap\" data-name=\"airport\"><div class=\"input-select\"><select class=\"wpcf7-form-control wpcf7-select form-control\" aria-invalid=\"false\" name=\"airport\"><option value=\"From Istanbul Airport\">From Istanbul Airport<\/option><option value=\"From Sabiha Gokcen Airport\">From Sabiha Gokcen Airport<\/option><\/select><\/div><\/span><br \/>\n<span class=\"wpcf7-form-control-wrap\" data-name=\"people\"><div class=\"input-select\"><select class=\"wpcf7-form-control wpcf7-select form-control\" aria-invalid=\"false\" name=\"people\"><option value=\"1 to 4 People\">1 to 4 People<\/option><option value=\"5 to 6 People\">5 to 6 People<\/option><option value=\"7 to 13 People\">7 to 13 People<\/option><\/select><\/div><\/span><br \/>\n<span class=\"wpcf7-form-control-wrap\" data-name=\"flight-number\"><input size=\"40\" maxlength=\"400\" class=\"wpcf7-form-control wpcf7-text wpcf7-validates-as-required form-control\" aria-required=\"true\" aria-invalid=\"false\" placeholder=\"Flight Number\" value=\"\" type=\"text\" name=\"flight-number\" \/><\/span><br \/>\n<span class=\"wpcf7-form-control-wrap\" data-name=\"your-email\"><input size=\"40\" maxlength=\"400\" class=\"wpcf7-form-control wpcf7-email wpcf7-validates-as-required wpcf7-text wpcf7-validates-as-email form-control\" aria-required=\"true\" aria-invalid=\"false\" placeholder=\"E-Mail\" value=\"\" type=\"email\" name=\"your-email\" \/><\/span><br \/>\n<span class=\"wpcf7-form-control-wrap\" data-name=\"rezdate\"><input class=\"wpcf7-form-control wpcf7-date wpcf7-validates-as-date form-control\" aria-invalid=\"false\" placeholder=\"Reservation Date\" value=\"\" type=\"date\" name=\"rezdate\" \/><\/span><br \/>\n<span class=\"wpcf7-form-control-wrap\" data-name=\"arrival-time\"><input size=\"40\" maxlength=\"400\" class=\"wpcf7-form-control wpcf7-text wpcf7-validates-as-required form-control\" aria-required=\"true\" aria-invalid=\"false\" placeholder=\"Arrival time\" value=\"\" type=\"text\" name=\"arrival-time\" \/><\/span><br \/>\n<span class=\"wpcf7-form-control-wrap\" data-name=\"your-message\"><textarea cols=\"10\" rows=\"5\" maxlength=\"2000\" class=\"wpcf7-form-control wpcf7-textarea form-control\" aria-invalid=\"false\" placeholder=\"Message\" name=\"your-message\"><\/textarea><\/span><br \/>\n<input class=\"wpcf7-form-control wpcf7-submit has-spinner btn btn-outline-secondary\" type=\"submit\" value=\"Send Request\" \/>\n<\/p><div class=\"wpcf7-response-output\" aria-hidden=\"true\"><\/div>\n<\/form>\n<\/div>\n[\/vc_column][\/vc_row][vc_row][vc_column][vc_empty_space height=&#8221;100px&#8221;][\/vc_column][\/vc_row]<\/p>\n<\/div>","protected":false},"excerpt":{"rendered":"<p>[vc_row gap=&#8221;35&#8243;][vc_column width=&#8221;1\/2&#8243;][vc_custom_heading text=&#8221;&#8221; font_container=&#8221;tag:h2|font_size:25|text_align:left&#8221; use_theme_fonts=&#8221;yes&#8221; css=&#8221;.vc_custom_1625128540863{margin-bottom: 30px !important;}&#8221;][vc_single_image image=&#8221;8394&#8243; img_size=&#8221;full&#8221;][vc_column_text] \u0130stanbul Havaliman\u0131\u2019ndan 69.-\u20ac ( 1 \u2013 4 ki\u015fiye kadar ) 79.-\u20ac ( 5 \u2013 6 ki\u015fiye kadar ) 119.-\u20ac ( 7 &#8211; 13 ki\u015fiye kadar ) Sabiha G\u00f6k\u00e7en Havaliman\u0131&#8217;ndan 79.-\u20ac ( 1 \u2013 4 ki\u015fiye kadar ) 89.-\u20ac ( 5 \u2013 6 ki\u015fiye kadar ) 129.-\u20ac ( 7 &#8211; 13 ki\u015fiye kadar ) Rezervasyon \u0130\u00e7in U\u00e7u\u015f Bilgilerinizi U\u00e7u\u015f numaras\u0131 Var\u0131\u015f saati T\u00fcm yolcu isimleri Var\u0131\u015f havaliman\u0131 bilgilerini g\u00f6nderiniz. [\/vc_column_text][\/vc_column][vc_column width=&#8221;1\/2&#8243;][vc_custom_heading text=&#8221;Havaalan\u0131 Transferi Formu&#8221; font_container=&#8221;tag:h2|font_size:25|text_align:left&#8221; use_theme_fonts=&#8221;yes&#8221; css=&#8221;.vc_custom_1632855464481{margin-bottom: 30px !important;}&#8221;][\/vc_column][\/vc_row][vc_row][vc_column][vc_empty_space height=&#8221;100px&#8221;][\/vc_column][\/vc_row]<\/p>\n","protected":false},"author":1,"featured_media":8406,"parent":0,"menu_order":0,"comment_status":"closed","ping_status":"closed","template":"","meta":{"footnotes":""},"class_list":["post-8476","page","type-page","status-publish","has-post-thumbnail","hentry"],"_links":{"self":[{"href":"https:\/\/hotelyasmaksultan.com\/tr\/wp-json\/wp\/v2\/pages\/8476","targetHints":{"allow":["GET"]}}],"collection":[{"href":"https:\/\/hotelyasmaksultan.com\/tr\/wp-json\/wp\/v2\/pages"}],"about":[{"href":"https:\/\/hotelyasmaksultan.com\/tr\/wp-json\/wp\/v2\/types\/page"}],"author":[{"embeddable":true,"href":"https:\/\/hotelyasmaksultan.com\/tr\/wp-json\/wp\/v2\/users\/1"}],"replies":[{"embeddable":true,"href":"https:\/\/hotelyasmaksultan.com\/tr\/wp-json\/wp\/v2\/comments?post=8476"}],"version-history":[{"count":12,"href":"https:\/\/hotelyasmaksultan.com\/tr\/wp-json\/wp\/v2\/pages\/8476\/revisions"}],"predecessor-version":[{"id":11140,"href":"https:\/\/hotelyasmaksultan.com\/tr\/wp-json\/wp\/v2\/pages\/8476\/revisions\/11140"}],"wp:featuredmedia":[{"embeddable":true,"href":"https:\/\/hotelyasmaksultan.com\/tr\/wp-json\/wp\/v2\/media\/8406"}],"wp:attachment":[{"href":"https:\/\/hotelyasmaksultan.com\/tr\/wp-json\/wp\/v2\/media?parent=8476"}],"curies":[{"name":"wp","href":"https:\/\/api.w.org\/{rel}","templated":true}]}}