{"id":8485,"date":"2020-12-09T19:04:12","date_gmt":"2020-12-09T16:04:12","guid":{"rendered":"https:\/\/hotelyasmaksultan.com\/our-hotel\/"},"modified":"2021-09-28T23:22:58","modified_gmt":"2021-09-28T20:22:58","slug":"otelimiz","status":"publish","type":"page","link":"https:\/\/hotelyasmaksultan.com\/tr\/otelimiz\/","title":{"rendered":"Otelimiz"},"content":{"rendered":"\n<div class=\"wp-block-media-text alignwide is-stacked-on-mobile\"><figure class=\"wp-block-media-text__media\"><img decoding=\"async\" width=\"1024\" height=\"683\" data-src=\"https:\/\/hotelyasmaksultan.com\/wp-content\/uploads\/2020\/11\/new2-1-1024x683.jpg\" alt=\"\" class=\"wp-image-1033 size-full lazyload\" data-srcset=\"https:\/\/hotelyasmaksultan.com\/wp-content\/uploads\/2020\/11\/new2-1-1024x683.jpg 1024w, https:\/\/hotelyasmaksultan.com\/wp-content\/uploads\/2020\/11\/new2-1-600x400.jpg 600w, https:\/\/hotelyasmaksultan.com\/wp-content\/uploads\/2020\/11\/new2-1-300x200.jpg 300w, https:\/\/hotelyasmaksultan.com\/wp-content\/uploads\/2020\/11\/new2-1-768x512.jpg 768w, https:\/\/hotelyasmaksultan.com\/wp-content\/uploads\/2020\/11\/new2-1-500x333.jpg 500w, https:\/\/hotelyasmaksultan.com\/wp-content\/uploads\/2020\/11\/new2-1.jpg 1500w\" data-sizes=\"(max-width: 1024px) 100vw, 1024px\" src=\"data:image\/svg+xml;base64,PHN2ZyB3aWR0aD0iMSIgaGVpZ2h0PSIxIiB4bWxucz0iaHR0cDovL3d3dy53My5vcmcvMjAwMC9zdmciPjwvc3ZnPg==\" style=\"--smush-placeholder-width: 1024px; --smush-placeholder-aspect-ratio: 1024\/683;\" \/><\/figure><div class=\"wp-block-media-text__content\">\n<p>Ya\u015fmak Sultan Hotel, \u0130stanbul&#8217;un tarihi yar\u0131madas\u0131n\u0131n tam ortas\u0131nda kendi evinizin konforunu ya\u015fayabilmeniz ve nefes kesen \u015fehir manzaras\u0131n\u0131n keyfini \u00e7\u0131karabilmeniz i\u00e7in \u00f6zenle tasarlanan ferah odalar\u0131nda sizi unutulmaz bir yolculu\u011fa davet ediyor. Modern ve g\u00f6z al\u0131c\u0131 mobilyalarla zarif bir \u015fekilde dekore edilen rahat odalar\u0131m\u0131zda ge\u00e7irdi\u011finiz bir gecenin ard\u0131ndan, \u0130stanbul tatilinizin g\u00fczelli\u011fine yak\u0131\u015facak ve tatilinizi sizin i\u00e7in unutulmas\u0131 g\u00fc\u00e7 bir deneyim haline getirecek bir konaklama f\u0131rsat\u0131n\u0131 se\u00e7ti\u011finizden emin olacaks\u0131n\u0131z.<\/p>\n\n\n\n<p>Ya\u015fmak Sultan Hotel muhte\u015fem konumu ile sizi her sabah g\u00f6rkemli \u015fehir \u0130stanbul\u2019un zengin tarihini ke\u015ffetmek i\u00e7in ideal bir konuma b\u0131rak\u0131rken, her ak\u015fam \u0130stanbul\u2019un eski sakinlerinin gizemlerini saklayan davetkar sokaklar\u0131nda ge\u00e7en bir g\u00fcnden sonra arayaca\u011f\u0131n\u0131z huzurlu ve canland\u0131r\u0131c\u0131 atmosfere kavu\u015fturacak.<br>Ya\u015fmak Sultan Hotel\u2019de Sultan Spa\u2019n\u0131n masajlarla kendinizi \u015f\u0131martabilir, teras kat\u0131nda yer alan Olive Restauran\u2019ta deneyebilece\u011finiz T\u00fcrk mutfa\u011f\u0131n\u0131n en g\u00fczel \u00f6rneklerinden olu\u015fan lezzetli yemekleri tercih edebilir, kapal\u0131 y\u00fczme havuzu, spor salonu, hamam, sauna, her t\u00fcrl\u00fc toplant\u0131 imkanlar\u0131 ile \u00fcnl\u00fc T\u00fcrk misafirperverli\u011fini birinci elden deneyimleme f\u0131rsat\u0131n\u0131 yakalayabilirsiniz. 7\/24 a\u00e7\u0131k resepsiyon masam\u0131zda, pek \u00e7ok dili konu\u015fabilen ekibimiz havaalan\u0131 transfer hizmetinden restoran ve g\u00f6r\u00fclecek yer rezervasyon\/bilet i\u015flemleri hizmetine kadar her konuda keyifle yard\u0131mc\u0131 olmaya haz\u0131r bulunuyor. \u0130stanbul&#8217;daki zaman\u0131n\u0131z\u0131 biraz daha az yorucu, ve seyahatinizi biraz daha unutulmaz k\u0131lmak i\u00e7in size her konuda yard\u0131mc\u0131 olmaktan mutluluk duyar\u0131z.<\/p>\n<\/div><\/div>\n","protected":false},"excerpt":{"rendered":"<p>Ya\u015fmak Sultan Hotel, \u0130stanbul&#8217;un tarihi yar\u0131madas\u0131n\u0131n tam ortas\u0131nda kendi evinizin konforunu ya\u015fayabilmeniz ve nefes kesen \u015fehir manzaras\u0131n\u0131n keyfini \u00e7\u0131karabilmeniz i\u00e7in \u00f6zenle tasarlanan ferah odalar\u0131nda sizi unutulmaz bir yolculu\u011fa davet ediyor. Modern ve g\u00f6z al\u0131c\u0131 mobilyalarla zarif bir \u015fekilde dekore edilen rahat odalar\u0131m\u0131zda ge\u00e7irdi\u011finiz bir gecenin ard\u0131ndan, \u0130stanbul tatilinizin g\u00fczelli\u011fine yak\u0131\u015facak ve tatilinizi sizin i\u00e7in unutulmas\u0131 g\u00fc\u00e7 bir deneyim haline getirecek bir konaklama f\u0131rsat\u0131n\u0131 se\u00e7ti\u011finizden emin olacaks\u0131n\u0131z. Ya\u015fmak Sultan Hotel muhte\u015fem konumu ile sizi her sabah g\u00f6rkemli \u015fehir \u0130stanbul\u2019un zengin tarihini ke\u015ffetmek i\u00e7in ideal bir konuma b\u0131rak\u0131rken, her ak\u015fam \u0130stanbul\u2019un eski sakinlerinin gizemlerini saklayan davetkar sokaklar\u0131nda ge\u00e7en bir g\u00fcnden sonra arayaca\u011f\u0131n\u0131z [&hellip;]<\/p>\n","protected":false},"author":1,"featured_media":0,"parent":0,"menu_order":0,"comment_status":"closed","ping_status":"closed","template":"","meta":{"footnotes":""},"class_list":["post-8485","page","type-page","status-publish","hentry"],"_links":{"self":[{"href":"https:\/\/hotelyasmaksultan.com\/tr\/wp-json\/wp\/v2\/pages\/8485","targetHints":{"allow":["GET"]}}],"collection":[{"href":"https:\/\/hotelyasmaksultan.com\/tr\/wp-json\/wp\/v2\/pages"}],"about":[{"href":"https:\/\/hotelyasmaksultan.com\/tr\/wp-json\/wp\/v2\/types\/page"}],"author":[{"embeddable":true,"href":"https:\/\/hotelyasmaksultan.com\/tr\/wp-json\/wp\/v2\/users\/1"}],"replies":[{"embeddable":true,"href":"https:\/\/hotelyasmaksultan.com\/tr\/wp-json\/wp\/v2\/comments?post=8485"}],"version-history":[{"count":1,"href":"https:\/\/hotelyasmaksultan.com\/tr\/wp-json\/wp\/v2\/pages\/8485\/revisions"}],"predecessor-version":[{"id":9049,"href":"https:\/\/hotelyasmaksultan.com\/tr\/wp-json\/wp\/v2\/pages\/8485\/revisions\/9049"}],"wp:attachment":[{"href":"https:\/\/hotelyasmaksultan.com\/tr\/wp-json\/wp\/v2\/media?parent=8485"}],"curies":[{"name":"wp","href":"https:\/\/api.w.org\/{rel}","templated":true}]}}