{"id":8501,"date":"2020-11-04T11:57:04","date_gmt":"2020-11-04T08:57:04","guid":{"rendered":"https:\/\/hotelyasmaksultan.com\/how-to-arrive\/"},"modified":"2025-02-14T12:13:44","modified_gmt":"2025-02-14T09:13:44","slug":"nasil-gelinir","status":"publish","type":"page","link":"https:\/\/hotelyasmaksultan.com\/tr\/nasil-gelinir\/","title":{"rendered":"Nas\u0131l Gelinir"},"content":{"rendered":"\r\n<div class=\"wp-block-columns is-layout-flex wp-container-core-columns-is-layout-9d6595d7 wp-block-columns-is-layout-flex\">\r\n  \r\n  <div class=\"wp-block-column is-layout-flow wp-block-column-is-layout-flow\">\r\n    \r\n    <h3 class=\"wp-block-heading\"><strong><strong>Otelimize \u0130stanbul Havaliman\u0131&#8217;ndan Nas\u0131l Ula\u015f\u0131l\u0131r?<\/strong><\/strong><\/h3>\r\n    \r\n\r\n    \r\n    <p style=\"font-size: 18px; margin-bottom: 18px;\"><strong>\u00d6zel Transferle<\/strong><\/p>\r\n    <p>\u0130stanbul Havaliman\u0131&#8217;ndan otelimize \u00f6zel transfer hizmeti sunuyoruz. Yolculuk yakla\u015f\u0131k 55 dakika s\u00fcrmektedir. Rezervasyon ve fiyat bilgisi i\u00e7in bizimle ileti\u015fime ge\u00e7ebilirsiniz: <\/p>\r\n    <p style=\"margin-bottom: 18px;\"><a href=\"mailto:info@hotelyasmaksultan.com\">info@hotelyasmaksultan.com<\/a>.<\/p>\r\n    \r\n\r\n    \r\n    <p style=\"font-size: 18px; margin-bottom: 18px;\"><strong>Taksiyle<\/strong><\/p>\r\n    <p>\u0130stanbul Havaliman\u0131&#8217;nda 7\/24 taksi hizmeti bulunmaktad\u0131r. Otelimize yolculuk yakla\u015f\u0131k 50 dakika s\u00fcrmektedir, trafik durumuna ba\u011fl\u0131 olarak de\u011fi\u015febilir. Navigasyon i\u00e7in adresimizi kullanabilirsiniz: <\/p>\r\n    <p style=\"margin-bottom: 18px;\"><a href=\"https:\/\/goo.gl\/maps\/vkrjdBSzMYPiS5vd9\" target=\"_blank\" rel=\"noreferrer noopener\">Ebusuud Cad. No:12, Sirkeci, 34110 \u0130stanbul, T\u00dcRK\u0130YE<\/a><\/p>\r\n    \r\n\r\n    \r\n    <p style=\"font-size: 18px; margin-bottom: 18px;\"><strong>Metro ile<\/strong><\/p>\r\n    <ul style=\"list-style-type: disc !important; padding-left: 20px;\">\r\n      <li>\u0130stanbul Havaliman\u0131&#8217;ndan M11 metro hatt\u0131na binin ve Gayrettepe&#8217;ye gidin (30 dakika).<\/li>\r\n      <li>Gayrettepe&#8217;de M2 metro hatt\u0131na aktarma yap\u0131n ve Vezneciler \u0130stasyonu&#8217;na gidin.<\/li>\r\n      <li>Vezneciler&#8217;den T1 tramvay hatt\u0131na binin ve G\u00fclhane \u0130stasyonu&#8217;nda inin.<\/li>\r\n      <li>Otel, G\u00fclhane \u0130stasyonu&#8217;ndan 2 dakikal\u0131k y\u00fcr\u00fcme mesafesindedir.<\/li>\r\n    <\/ul>\r\n    <p style=\"margin-bottom: 18px;\"><strong>Yakla\u015f\u0131k seyahat s\u00fcresi:<\/strong> 1 saat 10 dakika<\/p>\r\n    \r\n\r\n    \r\n    <p style=\"font-size: 18px; margin-bottom: 18px;\"><strong>HAVA\u0130ST Otob\u00fcs\u00fc ve Metro ile<\/strong><\/p>\r\n    <ul style=\"list-style-type: disc !important; padding-left: 20px;\">\r\n      <li>\u0130stanbul Havaliman\u0131&#8217;ndan HAVA\u0130ST IST-1 otob\u00fcs\u00fcne binin ve Aksaray&#8217;a gidin (1 saat 30 dakika).<\/li>\r\n      <li>Aksaray&#8217;dan Laleli-\u00dcniversite T1 tramvay dura\u011f\u0131na y\u00fcr\u00fcy\u00fcn (5 dakika).<\/li>\r\n      <li>T1 tramvay hatt\u0131na binin ve G\u00fclhane \u0130stasyonu&#8217;nda inin.<\/li>\r\n      <li>Otel, G\u00fclhane \u0130stasyonu&#8217;ndan 2 dakikal\u0131k y\u00fcr\u00fcme mesafesindedir.<\/li>\r\n    <\/ul>\r\n    <p style=\"margin-bottom: 18px;\"><strong>Yakla\u015f\u0131k seyahat s\u00fcresi:<\/strong> 1 saat 50 dakika<\/p>\r\n    \r\n  <\/div>\r\n  \r\n\r\n  \r\n  <div class=\"wp-block-column is-layout-flow wp-block-column-is-layout-flow\">\r\n    \r\n    <h3 class=\"wp-block-heading\"><strong><strong>Otelimize Sabiha G\u00f6k\u00e7en Havaliman\u0131&#8217;ndan Nas\u0131l Ula\u015f\u0131l\u0131r?<\/strong><\/strong><\/h3>\r\n    \r\n\r\n    \r\n    <p style=\"font-size: 18px; margin-bottom: 18px;\"><strong>\u00d6zel Transferle<\/strong><\/p>\r\n    <p>Sabiha G\u00f6k\u00e7en Havaliman\u0131&#8217;ndan otelimize \u00f6zel transfer hizmeti sunuyoruz. Yolculuk yakla\u015f\u0131k 60 dakika s\u00fcrmektedir. Rezervasyon ve fiyat bilgisi i\u00e7in bizimle ileti\u015fime ge\u00e7ebilirsiniz: <\/p><p style=\"margin-bottom: 18px;\"><a href=\"mailto:info@hotelyasmaksultan.com\">info@hotelyasmaksultan.com<\/a>.<\/p>\r\n    \r\n\r\n    \r\n    <p style=\"font-size: 18px; margin-bottom: 18px;\"><strong>Taksiyle<\/strong><\/p>\r\n    <p>Sabiha G\u00f6k\u00e7en Havaliman\u0131&#8217;nda 7\/24 taksi hizmeti bulunmaktad\u0131r. Tahmini seyahat s\u00fcresi, trafik durumuna ba\u011fl\u0131 olarak 55 dakikad\u0131r.<\/p>\r\n    <p>GPS navigasyonu i\u00e7in adresimizi kullanabilirsiniz:<\/p>\r\n    <p style=\"margin-bottom: 18px;\"><a href=\"https:\/\/goo.gl\/maps\/vkrjdBSzMYPiS5vd9\" target=\"_blank\" rel=\"noreferrer noopener\">Ebusuud Cad. No:12, Sirkeci, 34110 \u0130stanbul, T\u00dcRK\u0130YE<\/a><\/p>\r\n    \r\n\r\n    \r\n    <p style=\"font-size: 18px; margin-bottom: 18px;\"><strong>Metro ve Marmaray ile<\/strong><\/p>\r\n    <ul style=\"list-style-type: disc !important; padding-left: 20px;\">\r\n      <li>Sabiha G\u00f6k\u00e7en Havaliman\u0131&#8217;ndan M4 metro hatt\u0131na binin ve Ayr\u0131l\u0131k \u00c7e\u015fmesi \u0130stasyonu&#8217;na gidin (50 dakika).<\/li>\r\n      <li>Marmaray&#8217;a aktarma yap\u0131n ve Sirkeci \u0130stasyonu&#8217;na gidin (10 dakika).<\/li>\r\n      <li>Otel, Sirkeci \u0130stasyonu&#8217;ndan 10 dakikal\u0131k y\u00fcr\u00fcme mesafesindedir.<\/li>\r\n    <\/ul>\r\n    <p style=\"margin-bottom: 18px;\"><strong>Yakla\u015f\u0131k seyahat s\u00fcresi:<\/strong> 1 saat 25 dakika<\/p>\r\n    \r\n\r\n    \r\n    <p style=\"font-size: 18px; margin-bottom: 18px;\"><strong>HAVABUS ve Tramvay ile<\/strong><\/p>\r\n    <ul style=\"list-style-type: disc !important; padding-left: 20px;\">\r\n      <li>Sabiha G\u00f6k\u00e7en Havaliman\u0131&#8217;ndan HAVABUS&#8217;a binin ve Taksim&#8217;e gidin (1 saat 30 dakika).<\/li>\r\n      <li>Taksim&#8217;den Taksim-Kabata\u015f F\u00fcnik\u00fclerini kullanarak Kabata\u015f&#8217;a gidin.<\/li>\r\n      <li>Kabata\u015f&#8217;tan T1 tramvay hatt\u0131na binin ve G\u00fclhane \u0130stasyonu&#8217;nda inin.<\/li>\r\n      <li>Otel, G\u00fclhane \u0130stasyonu&#8217;ndan 2 dakikal\u0131k y\u00fcr\u00fcme mesafesindedir.<\/li>\r\n    <\/ul>\r\n    <p style=\"margin-bottom: 18px;\"><strong>Yakla\u015f\u0131k seyahat s\u00fcresi:<\/strong> 2 saat 15 dakika<\/p>\r\n    \r\n  <\/div>\r\n  \r\n<\/div>\r\n\r\n","protected":false},"excerpt":{"rendered":"<p>Otelimize \u0130stanbul Havaliman\u0131&#8217;ndan Nas\u0131l Ula\u015f\u0131l\u0131r? \u00d6zel Transferle \u0130stanbul Havaliman\u0131&#8217;ndan otelimize \u00f6zel transfer hizmeti sunuyoruz. Yolculuk yakla\u015f\u0131k 55 dakika s\u00fcrmektedir. Rezervasyon ve fiyat bilgisi i\u00e7in bizimle ileti\u015fime ge\u00e7ebilirsiniz: info@hotelyasmaksultan.com. Taksiyle \u0130stanbul Havaliman\u0131&#8217;nda 7\/24 taksi hizmeti bulunmaktad\u0131r. Otelimize yolculuk yakla\u015f\u0131k 50 dakika s\u00fcrmektedir, trafik durumuna ba\u011fl\u0131 olarak de\u011fi\u015febilir. Navigasyon i\u00e7in adresimizi kullanabilirsiniz: Ebusuud Cad. No:12, Sirkeci, 34110 \u0130stanbul, T\u00dcRK\u0130YE Metro ile \u0130stanbul Havaliman\u0131&#8217;ndan M11 metro hatt\u0131na binin ve Gayrettepe&#8217;ye gidin (30 dakika). Gayrettepe&#8217;de M2 metro hatt\u0131na aktarma yap\u0131n ve Vezneciler \u0130stasyonu&#8217;na gidin. Vezneciler&#8217;den T1 tramvay hatt\u0131na binin ve G\u00fclhane \u0130stasyonu&#8217;nda inin. Otel, G\u00fclhane \u0130stasyonu&#8217;ndan 2 dakikal\u0131k y\u00fcr\u00fcme mesafesindedir. Yakla\u015f\u0131k seyahat s\u00fcresi: 1 [&hellip;]<\/p>\n","protected":false},"author":1,"featured_media":0,"parent":0,"menu_order":0,"comment_status":"closed","ping_status":"closed","template":"print-page.php","meta":{"footnotes":""},"class_list":["post-8501","page","type-page","status-publish","hentry"],"_links":{"self":[{"href":"https:\/\/hotelyasmaksultan.com\/tr\/wp-json\/wp\/v2\/pages\/8501","targetHints":{"allow":["GET"]}}],"collection":[{"href":"https:\/\/hotelyasmaksultan.com\/tr\/wp-json\/wp\/v2\/pages"}],"about":[{"href":"https:\/\/hotelyasmaksultan.com\/tr\/wp-json\/wp\/v2\/types\/page"}],"author":[{"embeddable":true,"href":"https:\/\/hotelyasmaksultan.com\/tr\/wp-json\/wp\/v2\/users\/1"}],"replies":[{"embeddable":true,"href":"https:\/\/hotelyasmaksultan.com\/tr\/wp-json\/wp\/v2\/comments?post=8501"}],"version-history":[{"count":4,"href":"https:\/\/hotelyasmaksultan.com\/tr\/wp-json\/wp\/v2\/pages\/8501\/revisions"}],"predecessor-version":[{"id":10760,"href":"https:\/\/hotelyasmaksultan.com\/tr\/wp-json\/wp\/v2\/pages\/8501\/revisions\/10760"}],"wp:attachment":[{"href":"https:\/\/hotelyasmaksultan.com\/tr\/wp-json\/wp\/v2\/media?parent=8501"}],"curies":[{"name":"wp","href":"https:\/\/api.w.org\/{rel}","templated":true}]}}