{"id":9364,"date":"2022-03-22T17:41:08","date_gmt":"2022-03-22T14:41:08","guid":{"rendered":"https:\/\/hotelyasmaksultan.com\/surdurulebilirlik\/certificates\/"},"modified":"2025-11-18T09:53:47","modified_gmt":"2025-11-18T06:53:47","slug":"sertifikalarimiz","status":"publish","type":"page","link":"https:\/\/hotelyasmaksultan.com\/tr\/surdurulebilirlik\/sertifikalarimiz\/","title":{"rendered":"Sertifikalar\u0131m\u0131z"},"content":{"rendered":"<div class=\"wpb-content-wrapper\"><p>[vc_row][vc_column width=&#8221;1\/2&#8243;][vc_single_image image=&#8221;11028&#8243; img_size=&#8221;full&#8221; onclick=&#8221;img_link_large&#8221; css=&#8221;&#8221;][\/vc_column][vc_column width=&#8221;1\/2&#8243;][vc_column_text css=&#8221;&#8221;]Ya\u015fayan bir sistem olarak d\u00fc\u015f\u00fcn\u00fclen y\u00f6netim sistemlerimiz uygunluk, yeterlilik ve etkinlik bak\u0131m\u0131ndan d\u00fczenli olarak denetlenmekte ve hizmet standartlar\u0131m\u0131z\u0131n devaml\u0131l\u0131\u011f\u0131 ve geli\u015fimini sa\u011flamak amac\u0131 ile s\u00fcrekli olarak geli\u015ftirilmektedir.<\/p>\n<p>Hizmet kalitesi ve misafir odakl\u0131l\u0131\u011f\u0131n bir sonucu olarak s\u00fcrekli geli\u015fmeye, sa\u011fl\u0131\u011fa ve \u00e7evreye olan duyarl\u0131l\u0131\u011f\u0131m\u0131z\u0131n bir gere\u011fi olarak Ya\u015fmak Hotel Collection, b\u00fct\u00fcn otellerinde;<\/p>\n<ul>\n<li><strong>ISO 9001:2015 Kalite Y\u00f6netim Sistemi,<\/strong><\/li>\n<li><strong>ISO 22000:2018 G\u0131da G\u00fcvenli\u011fi Y\u00f6netim Sistemi,<\/strong><\/li>\n<li><strong>Ye\u015fil Y\u0131ld\u0131z ile Ye\u015fillenen Oteller Standartlar\u0131n\u0131 benimsemi\u015ftir.<\/strong><\/li>\n<\/ul>\n<p>&nbsp;<\/p>\n<p><a href=\"https:\/\/hotelyasmaksultan.com\/wp-content\/uploads\/2025\/06\/GSTC-2025-2026-YASMAK-SULTAN-HOTEL-SURDURULEBILIR-TURIZM-SERTIFIKASI.pdf\" target=\"_blank\" rel=\"noopener\"><strong>SERT\u0130F\u0130KAYI B\u00dcY\u00dcTMEK \u0130\u00c7\u0130N TIKLAYIN<\/strong><\/a>[\/vc_column_text][\/vc_column][\/vc_row][vc_row][vc_column width=&#8221;1\/2&#8243;][vc_column_text]<\/p>\n<h2>S\u0131f\u0131r At\u0131k Belgesi<\/h2>\n<p>[\/vc_column_text][\/vc_column][vc_column width=&#8221;1\/2&#8243;][vc_single_image image=&#8221;10176&#8243; img_size=&#8221;full&#8221; alignment=&#8221;center&#8221; onclick=&#8221;custom_link&#8221; img_link_target=&#8221;_blank&#8221;][\/vc_column][\/vc_row][vc_row][vc_column width=&#8221;1\/2&#8243;][vc_single_image image=&#8221;11213&#8243; img_size=&#8221;full&#8221; alignment=&#8221;center&#8221; onclick=&#8221;custom_link&#8221; img_link_target=&#8221;_blank&#8221; css=&#8221;&#8221; link=&#8221;https:\/\/hotelyasmaksultan.com\/wp-content\/uploads\/2025\/11\/elektrik-uretim-sertifikasi.pdf&#8221;][\/vc_column][vc_column width=&#8221;1\/2&#8243;][vc_column_text css=&#8221;&#8221;]Elektrik \u00dcretim Sertifikas\u0131<\/p>\n<p><a href=\"https:\/\/hotelyasmaksultan.com\/wp-content\/uploads\/2025\/11\/elektrik-uretim-sertifikasi.pdf\">Sertifikay\u0131 G\u00f6rmek \u0130\u00e7in T\u0131klay\u0131n<\/a>[\/vc_column_text][\/vc_column][\/vc_row]<\/p>\n<\/div>","protected":false},"excerpt":{"rendered":"<p>[vc_row][vc_column width=&#8221;1\/2&#8243;][vc_single_image image=&#8221;11028&#8243; img_size=&#8221;full&#8221; onclick=&#8221;img_link_large&#8221; css=&#8221;&#8221;][\/vc_column][vc_column width=&#8221;1\/2&#8243;][vc_column_text css=&#8221;&#8221;]Ya\u015fayan bir sistem olarak d\u00fc\u015f\u00fcn\u00fclen y\u00f6netim sistemlerimiz uygunluk, yeterlilik ve etkinlik bak\u0131m\u0131ndan d\u00fczenli olarak denetlenmekte ve hizmet standartlar\u0131m\u0131z\u0131n devaml\u0131l\u0131\u011f\u0131 ve geli\u015fimini sa\u011flamak amac\u0131 ile s\u00fcrekli olarak geli\u015ftirilmektedir. Hizmet kalitesi ve misafir odakl\u0131l\u0131\u011f\u0131n bir sonucu olarak s\u00fcrekli geli\u015fmeye, sa\u011fl\u0131\u011fa ve \u00e7evreye olan duyarl\u0131l\u0131\u011f\u0131m\u0131z\u0131n bir gere\u011fi olarak Ya\u015fmak Hotel Collection, b\u00fct\u00fcn otellerinde; ISO 9001:2015 Kalite Y\u00f6netim Sistemi, ISO 22000:2018 G\u0131da G\u00fcvenli\u011fi Y\u00f6netim Sistemi, Ye\u015fil Y\u0131ld\u0131z ile Ye\u015fillenen Oteller Standartlar\u0131n\u0131 benimsemi\u015ftir. &nbsp; SERT\u0130F\u0130KAYI B\u00dcY\u00dcTMEK \u0130\u00c7\u0130N TIKLAYIN[\/vc_column_text][\/vc_column][\/vc_row][vc_row][vc_column width=&#8221;1\/2&#8243;][vc_column_text] S\u0131f\u0131r At\u0131k Belgesi [\/vc_column_text][\/vc_column][vc_column width=&#8221;1\/2&#8243;][vc_single_image image=&#8221;10176&#8243; img_size=&#8221;full&#8221; alignment=&#8221;center&#8221; onclick=&#8221;custom_link&#8221; img_link_target=&#8221;_blank&#8221;][\/vc_column][\/vc_row][vc_row][vc_column width=&#8221;1\/2&#8243;][vc_single_image image=&#8221;11213&#8243; img_size=&#8221;full&#8221; alignment=&#8221;center&#8221; onclick=&#8221;custom_link&#8221; img_link_target=&#8221;_blank&#8221; css=&#8221;&#8221; link=&#8221;https:\/\/hotelyasmaksultan.com\/wp-content\/uploads\/2025\/11\/elektrik-uretim-sertifikasi.pdf&#8221;][\/vc_column][vc_column width=&#8221;1\/2&#8243;][vc_column_text [&hellip;]<\/p>\n","protected":false},"author":1,"featured_media":0,"parent":9298,"menu_order":0,"comment_status":"closed","ping_status":"closed","template":"","meta":{"footnotes":""},"class_list":["post-9364","page","type-page","status-publish","hentry"],"_links":{"self":[{"href":"https:\/\/hotelyasmaksultan.com\/tr\/wp-json\/wp\/v2\/pages\/9364","targetHints":{"allow":["GET"]}}],"collection":[{"href":"https:\/\/hotelyasmaksultan.com\/tr\/wp-json\/wp\/v2\/pages"}],"about":[{"href":"https:\/\/hotelyasmaksultan.com\/tr\/wp-json\/wp\/v2\/types\/page"}],"author":[{"embeddable":true,"href":"https:\/\/hotelyasmaksultan.com\/tr\/wp-json\/wp\/v2\/users\/1"}],"replies":[{"embeddable":true,"href":"https:\/\/hotelyasmaksultan.com\/tr\/wp-json\/wp\/v2\/comments?post=9364"}],"version-history":[{"count":14,"href":"https:\/\/hotelyasmaksultan.com\/tr\/wp-json\/wp\/v2\/pages\/9364\/revisions"}],"predecessor-version":[{"id":11218,"href":"https:\/\/hotelyasmaksultan.com\/tr\/wp-json\/wp\/v2\/pages\/9364\/revisions\/11218"}],"up":[{"embeddable":true,"href":"https:\/\/hotelyasmaksultan.com\/tr\/wp-json\/wp\/v2\/pages\/9298"}],"wp:attachment":[{"href":"https:\/\/hotelyasmaksultan.com\/tr\/wp-json\/wp\/v2\/media?parent=9364"}],"curies":[{"name":"wp","href":"https:\/\/api.w.org\/{rel}","templated":true}]}}